{"id":1000,"date":"2024-04-12T23:26:20","date_gmt":"2024-04-12T21:26:20","guid":{"rendered":"https:\/\/presitec.pe\/?post_type=product&#038;p=1000"},"modified":"2025-02-17T15:47:14","modified_gmt":"2025-02-17T14:47:14","slug":"balanza-industrial-valor-tm-1000-v12p","status":"publish","type":"product","link":"https:\/\/presitec.pe\/index.php\/producto\/balanza-industrial-valor-tm-1000-v12p\/","title":{"rendered":"B\u00c1SCULA DE MESA VALOR TM 1000-V12P &#8211; MARCA: OHAUS"},"content":{"rendered":"<p><strong>CARACTERISTICAS:<\/strong><\/p>\n<ul>\n<li>Capacidad m\u00e1xima: 10 kg. 15 kg.<\/li>\n<li>Lectura m\u00ednima: 0.2 g. 0.5g.<\/li>\n<li>Tama\u00f1o de plataforma: 245mm. x 190 mm.<\/li>\n<li>Duraci\u00f3n de la bater\u00eda: 1500 horas con pilas.<\/li>\n<li>Desechables: 750 horas con pilas desechables.<\/li>\n<li>Dimensiones: 270 mm. x 122 mm. x 160 mm. (LxAxA)<\/li>\n<\/ul>\n","protected":false},"excerpt":{"rendered":"<p><strong>B\u00e1sculas confiables y seguras para alimentos en ambientes secos<\/strong><\/p>\n<p>La serie Valor 1000 que cuenta con certificaciones del USDA y un dise\u00f1o seguro para alimentos con certificaci\u00f3n NSF, es una opci\u00f3n confiable para el pesaje general de alimentos. Las b\u00e1sculas Valor 1000 son f\u00e1ciles de operar, funcionan con dos botones, tienen una gran pantalla LCD retroiluminada y bater\u00eda con duraci\u00f3n de hasta 1500 horas.<\/p>\n","protected":false},"featured_media":1001,"comment_status":"open","ping_status":"closed","template":"","meta":[],"product_cat":[28],"product_tag":[],"_links":{"self":[{"href":"https:\/\/presitec.pe\/index.php\/wp-json\/wp\/v2\/product\/1000"}],"collection":[{"href":"https:\/\/presitec.pe\/index.php\/wp-json\/wp\/v2\/product"}],"about":[{"href":"https:\/\/presitec.pe\/index.php\/wp-json\/wp\/v2\/types\/product"}],"replies":[{"embeddable":true,"href":"https:\/\/presitec.pe\/index.php\/wp-json\/wp\/v2\/comments?post=1000"}],"wp:featuredmedia":[{"embeddable":true,"href":"https:\/\/presitec.pe\/index.php\/wp-json\/wp\/v2\/media\/1001"}],"wp:attachment":[{"href":"https:\/\/presitec.pe\/index.php\/wp-json\/wp\/v2\/media?parent=1000"}],"wp:term":[{"taxonomy":"product_cat","embeddable":true,"href":"https:\/\/presitec.pe\/index.php\/wp-json\/wp\/v2\/product_cat?post=1000"},{"taxonomy":"product_tag","embeddable":true,"href":"https:\/\/presitec.pe\/index.php\/wp-json\/wp\/v2\/product_tag?post=1000"}],"curies":[{"name":"wp","href":"https:\/\/api.w.org\/{rel}","templated":true}]}}