{"id":1002,"date":"2024-04-12T23:31:15","date_gmt":"2024-04-12T21:31:15","guid":{"rendered":"https:\/\/presitec.pe\/?post_type=product&#038;p=1002"},"modified":"2025-01-15T22:24:05","modified_gmt":"2025-01-15T21:24:05","slug":"bascula-de-sobre-mesa-valortm-3000","status":"publish","type":"product","link":"https:\/\/presitec.pe\/index.php\/producto\/bascula-de-sobre-mesa-valortm-3000\/","title":{"rendered":"B\u00c1SCULA DE SOBRE MESA VALORTM 3000 &#8211; MARCA: OHAUS"},"content":{"rendered":"<p><strong>CARACTERISTICAS:<\/strong><\/p>\n<ul>\n<li>Alta precisi\u00f3n de hasta 40 000 d de resoluci\u00f3n, durabilidad y facilidad de uso, encerrado en un armaz\u00f3n compacto liso y completamente de acero inoxidable.<\/li>\n<\/ul>\n","protected":false},"excerpt":{"rendered":"<p><strong>Resistente, dise\u00f1o completo de acero inoxidable en una b\u00e1scula port\u00e1til de alto rendimiento.<\/strong><\/p>\n<p align=\"justify\">Las b\u00e1sculas Valor 3000 Xtreme contin\u00faan la tradici\u00f3n de OHAUS de fabricar productos durables y de alta calidad que sean f\u00e1ciles de usar y dif\u00edciles de superar. Sus caracter\u00edsticas son alta precisi\u00f3n de hasta 40 000 d de resoluci\u00f3n, durabilidad y facilidad de uso, encerrado en un armaz\u00f3n compacto liso y completamente de acero inoxidable. Las versiones de lavado y modelos aprobados por OIML garantizan que la Valor 3000 Xtreme cumple las necesidades incluso en los ambientes m\u00e1s demandantes.<\/p>\n","protected":false},"featured_media":1003,"comment_status":"open","ping_status":"closed","template":"","meta":[],"product_cat":[28],"product_tag":[],"_links":{"self":[{"href":"https:\/\/presitec.pe\/index.php\/wp-json\/wp\/v2\/product\/1002"}],"collection":[{"href":"https:\/\/presitec.pe\/index.php\/wp-json\/wp\/v2\/product"}],"about":[{"href":"https:\/\/presitec.pe\/index.php\/wp-json\/wp\/v2\/types\/product"}],"replies":[{"embeddable":true,"href":"https:\/\/presitec.pe\/index.php\/wp-json\/wp\/v2\/comments?post=1002"}],"wp:featuredmedia":[{"embeddable":true,"href":"https:\/\/presitec.pe\/index.php\/wp-json\/wp\/v2\/media\/1003"}],"wp:attachment":[{"href":"https:\/\/presitec.pe\/index.php\/wp-json\/wp\/v2\/media?parent=1002"}],"wp:term":[{"taxonomy":"product_cat","embeddable":true,"href":"https:\/\/presitec.pe\/index.php\/wp-json\/wp\/v2\/product_cat?post=1002"},{"taxonomy":"product_tag","embeddable":true,"href":"https:\/\/presitec.pe\/index.php\/wp-json\/wp\/v2\/product_tag?post=1002"}],"curies":[{"name":"wp","href":"https:\/\/api.w.org\/{rel}","templated":true}]}}