{"id":1004,"date":"2024-04-12T23:58:12","date_gmt":"2024-04-12T21:58:12","guid":{"rendered":"https:\/\/presitec.pe\/?post_type=product&#038;p=1004"},"modified":"2025-01-15T22:24:30","modified_gmt":"2025-01-15T21:24:30","slug":"balanza-de-plataforma-t31p-marca-ohaus","status":"publish","type":"product","link":"https:\/\/presitec.pe\/index.php\/producto\/balanza-de-plataforma-t31p-marca-ohaus\/","title":{"rendered":"BALANZA DE PLATAFORMA &#8211; MARCA: OHAUS &#8211; MODELO: T31P"},"content":{"rendered":"<p>Dise\u00f1ado pensando en la asequibilidad para aplicaciones industriales b\u00e1sicas, el T31P combina un armaz\u00f3n de ABS de alto impacto con una gran pantalla LCD de alto contraste retroiluminada, RS232 bidireccional y bater\u00eda interna recargable de 120 horas.<\/p>\n","protected":false},"excerpt":{"rendered":"<p><strong>CARACTERISTICAS:<\/strong><\/p>\n<ul>\n<li>Balanza plataforma<\/li>\n<li>Marca: OHAUS<\/li>\n<li>Modelo: T31P<\/li>\n<li>Capacidades: 100kg. x 10g. \/ 200kg. x 20g. \/ 300kg. x 50g.<\/li>\n<li>Categor\u00edas: Acero al carbono, balanza de plataforma<\/li>\n<\/ul>\n","protected":false},"featured_media":1005,"comment_status":"open","ping_status":"closed","template":"","meta":[],"product_cat":[26],"product_tag":[],"_links":{"self":[{"href":"https:\/\/presitec.pe\/index.php\/wp-json\/wp\/v2\/product\/1004"}],"collection":[{"href":"https:\/\/presitec.pe\/index.php\/wp-json\/wp\/v2\/product"}],"about":[{"href":"https:\/\/presitec.pe\/index.php\/wp-json\/wp\/v2\/types\/product"}],"replies":[{"embeddable":true,"href":"https:\/\/presitec.pe\/index.php\/wp-json\/wp\/v2\/comments?post=1004"}],"wp:featuredmedia":[{"embeddable":true,"href":"https:\/\/presitec.pe\/index.php\/wp-json\/wp\/v2\/media\/1005"}],"wp:attachment":[{"href":"https:\/\/presitec.pe\/index.php\/wp-json\/wp\/v2\/media?parent=1004"}],"wp:term":[{"taxonomy":"product_cat","embeddable":true,"href":"https:\/\/presitec.pe\/index.php\/wp-json\/wp\/v2\/product_cat?post=1004"},{"taxonomy":"product_tag","embeddable":true,"href":"https:\/\/presitec.pe\/index.php\/wp-json\/wp\/v2\/product_tag?post=1004"}],"curies":[{"name":"wp","href":"https:\/\/api.w.org\/{rel}","templated":true}]}}