{"id":1006,"date":"2024-04-13T00:05:25","date_gmt":"2024-04-12T22:05:25","guid":{"rendered":"https:\/\/presitec.pe\/?post_type=product&#038;p=1006"},"modified":"2025-01-15T22:25:08","modified_gmt":"2025-01-15T21:25:08","slug":"balanza-de-sobremesa-marca-jadever-jwrn","status":"publish","type":"product","link":"https:\/\/presitec.pe\/index.php\/producto\/balanza-de-sobremesa-marca-jadever-jwrn\/","title":{"rendered":"BALANZA DE SOBREMESA &#8211; MARCA: JADEVER &#8211; MODELO: JWRN"},"content":{"rendered":"<p><strong>CARACTERISTICAS:<\/strong><\/p>\n<ul>\n<li>Marca: JADEVER JWRN<\/li>\n<li>Capacidad: 3-30kg.<\/li>\n<li>Divisi\u00f3n: 1500<\/li>\n<li>Fuente de alimentaci\u00f3n: DC 9V,0.4A<\/li>\n<li>Bater\u00eda recargable (6V\/4 AH)<\/li>\n<li>Resoluci\u00f3n: hasta 1\/15000<\/li>\n<\/ul>\n","protected":false},"excerpt":{"rendered":"<p align=\"justify\">Calibraci\u00f3n de un solo punto y lineal disponible funci\u00f3n de retenci\u00f3n en pico, operaci\u00f3n estable o clave funci\u00f3n de alarma de pesaje de l\u00edmite inferior\/superior configuraci\u00f3n de rango cero y configuraci\u00f3n de filtro para contar en varias condiciones acumulaci\u00f3n, visualizaci\u00f3n de acumulaci\u00f3n y funciones claras de acumulaci\u00f3n interfaz rs232\/rel\u00e9\/conector u-key\/bluetooth (opcional) ideal para aplicaciones en producci\u00f3n, embalaje, almac\u00e9n, inventario, \u00e1reas de env\u00edo y recepci\u00f3n.<\/p>\n","protected":false},"featured_media":1007,"comment_status":"open","ping_status":"closed","template":"","meta":[],"product_cat":[28],"product_tag":[],"_links":{"self":[{"href":"https:\/\/presitec.pe\/index.php\/wp-json\/wp\/v2\/product\/1006"}],"collection":[{"href":"https:\/\/presitec.pe\/index.php\/wp-json\/wp\/v2\/product"}],"about":[{"href":"https:\/\/presitec.pe\/index.php\/wp-json\/wp\/v2\/types\/product"}],"replies":[{"embeddable":true,"href":"https:\/\/presitec.pe\/index.php\/wp-json\/wp\/v2\/comments?post=1006"}],"wp:featuredmedia":[{"embeddable":true,"href":"https:\/\/presitec.pe\/index.php\/wp-json\/wp\/v2\/media\/1007"}],"wp:attachment":[{"href":"https:\/\/presitec.pe\/index.php\/wp-json\/wp\/v2\/media?parent=1006"}],"wp:term":[{"taxonomy":"product_cat","embeddable":true,"href":"https:\/\/presitec.pe\/index.php\/wp-json\/wp\/v2\/product_cat?post=1006"},{"taxonomy":"product_tag","embeddable":true,"href":"https:\/\/presitec.pe\/index.php\/wp-json\/wp\/v2\/product_tag?post=1006"}],"curies":[{"name":"wp","href":"https:\/\/api.w.org\/{rel}","templated":true}]}}