{"id":1008,"date":"2024-04-13T00:11:55","date_gmt":"2024-04-12T22:11:55","guid":{"rendered":"https:\/\/presitec.pe\/?post_type=product&#038;p=1008"},"modified":"2025-01-15T22:25:27","modified_gmt":"2025-01-15T21:25:27","slug":"chequeadora-dinamica-de-peso-motoweigh","status":"publish","type":"product","link":"https:\/\/presitec.pe\/index.php\/producto\/chequeadora-dinamica-de-peso-motoweigh\/","title":{"rendered":"CHEQUEADORA DIN\u00c1MICA DE PESO &#8211; MARCA: MOTOWEIGH"},"content":{"rendered":"<p align=\"justify\">Personal especializado nos permitir\u00e1 asesorarlo de manera acertada en la elecci\u00f3n del sistema adecuado para su aplicaci\u00f3n: sistemas de pesaje en tanques y tolvas, sistemas automatizados de embolsado, llenado, formulaci\u00f3n, software de captura y control de pesos, con impresi\u00f3n de tickets y reportes, sistemas de pesaje en faja, chequeadoras din\u00e1micas de peso, etc. Solicite la visita en planta de nuestro asesor para evaluar sus necesidades de pesaje y control.<\/p>\n","protected":false},"excerpt":{"rendered":"<p align=\"justify\">Los sistemas de pesaje en movimiento MotoWeigh ofrecen caracter\u00edsticas comprobadas y opciones para adaptarse a cualquier empresa. Construido en Acero Inoxidable para asegurar la calidad en la industria alimentaria, esta l\u00ednea resistente y fiable fue creada para los trabajos industriales m\u00e1s exigentes. Procesamiento de alimentos en h\u00famedo y plantas de producci\u00f3n de envasado podr\u00e1n disfrutar de muchos a\u00f1os debido a su alta durabilidad. Todos los sistemas MotoWeigh vienen de manera est\u00e1ndar con bandas Intralox \u00ae para una vida de uso confiable. Los Sistemas MotoWeigh pueden conectarse en red a una PC v\u00eda serial, Ethernet, LAN inal\u00e1mbrica (Wi-Fi) o de otro PLC, otorg\u00e1ndole a los supervisores la libertad de controlar remotamente los datos del sistema.<\/p>\n","protected":false},"featured_media":1009,"comment_status":"open","ping_status":"closed","template":"","meta":[],"product_cat":[30],"product_tag":[],"_links":{"self":[{"href":"https:\/\/presitec.pe\/index.php\/wp-json\/wp\/v2\/product\/1008"}],"collection":[{"href":"https:\/\/presitec.pe\/index.php\/wp-json\/wp\/v2\/product"}],"about":[{"href":"https:\/\/presitec.pe\/index.php\/wp-json\/wp\/v2\/types\/product"}],"replies":[{"embeddable":true,"href":"https:\/\/presitec.pe\/index.php\/wp-json\/wp\/v2\/comments?post=1008"}],"wp:featuredmedia":[{"embeddable":true,"href":"https:\/\/presitec.pe\/index.php\/wp-json\/wp\/v2\/media\/1009"}],"wp:attachment":[{"href":"https:\/\/presitec.pe\/index.php\/wp-json\/wp\/v2\/media?parent=1008"}],"wp:term":[{"taxonomy":"product_cat","embeddable":true,"href":"https:\/\/presitec.pe\/index.php\/wp-json\/wp\/v2\/product_cat?post=1008"},{"taxonomy":"product_tag","embeddable":true,"href":"https:\/\/presitec.pe\/index.php\/wp-json\/wp\/v2\/product_tag?post=1008"}],"curies":[{"name":"wp","href":"https:\/\/api.w.org\/{rel}","templated":true}]}}