{"id":1010,"date":"2024-04-13T00:16:02","date_gmt":"2024-04-12T22:16:02","guid":{"rendered":"https:\/\/presitec.pe\/?post_type=product&#038;p=1010"},"modified":"2025-01-15T22:28:19","modified_gmt":"2025-01-15T21:28:19","slug":"controlador-digital-hmi","status":"publish","type":"product","link":"https:\/\/presitec.pe\/index.php\/producto\/controlador-digital-hmi\/","title":{"rendered":"CONTROLADOR DIGITAL &#8211; MARCA: RICE LAKE &#8211; MODELO: HMI 920i"},"content":{"rendered":"","protected":false},"excerpt":{"rendered":"<p align=\"justify\">El Controlador Digital 920i de Rice Lake aporta la flexibilidad para llevar a cabo casi cualquier tarea, permitiendo adem\u00e1s personalizar la aplicaci\u00f3n, de acuerdo a la necesidad de cada cliente. Programar el sistema con hasta cuatro niveles de seguridad y asignar permisos diferentes a cada uno, como operadores, conductores de l\u00ednea, supervisores y gerentes. Una impresionante capacidad de almacenamiento permite programar datos de hasta 1.000 productos \u00fanicos, cada uno con campos editables para la descripci\u00f3n, la tara, la unidad, etc. Permite adem\u00e1s mostrar en pantalla estad\u00edsticas y monitoreo en tiempo real.<\/p>\n","protected":false},"featured_media":1011,"comment_status":"open","ping_status":"closed","template":"","meta":[],"product_cat":[30],"product_tag":[],"_links":{"self":[{"href":"https:\/\/presitec.pe\/index.php\/wp-json\/wp\/v2\/product\/1010"}],"collection":[{"href":"https:\/\/presitec.pe\/index.php\/wp-json\/wp\/v2\/product"}],"about":[{"href":"https:\/\/presitec.pe\/index.php\/wp-json\/wp\/v2\/types\/product"}],"replies":[{"embeddable":true,"href":"https:\/\/presitec.pe\/index.php\/wp-json\/wp\/v2\/comments?post=1010"}],"wp:featuredmedia":[{"embeddable":true,"href":"https:\/\/presitec.pe\/index.php\/wp-json\/wp\/v2\/media\/1011"}],"wp:attachment":[{"href":"https:\/\/presitec.pe\/index.php\/wp-json\/wp\/v2\/media?parent=1010"}],"wp:term":[{"taxonomy":"product_cat","embeddable":true,"href":"https:\/\/presitec.pe\/index.php\/wp-json\/wp\/v2\/product_cat?post=1010"},{"taxonomy":"product_tag","embeddable":true,"href":"https:\/\/presitec.pe\/index.php\/wp-json\/wp\/v2\/product_tag?post=1010"}],"curies":[{"name":"wp","href":"https:\/\/api.w.org\/{rel}","templated":true}]}}