{"id":1012,"date":"2024-04-13T00:20:32","date_gmt":"2024-04-12T22:20:32","guid":{"rendered":"https:\/\/presitec.pe\/?post_type=product&#038;p=1012"},"modified":"2025-01-15T22:29:52","modified_gmt":"2025-01-15T21:29:52","slug":"pesaje-en-faja-bci","status":"publish","type":"product","link":"https:\/\/presitec.pe\/index.php\/producto\/pesaje-en-faja-bci\/","title":{"rendered":"PESAJE EN FAJA BCI &#8211;  MARCA: RICE LAKE"},"content":{"rendered":"<p>Esta b\u00e1scula durable es capaz de la entrega de datos estad\u00edsticos en tiempo real a trav\u00e9s de una variedad de conexiones a trav\u00e9s de cableado, fibra \u00f3ptica y opciones de red inal\u00e1mbrica. La potencia de procesamiento robusto y redes permiten al integrador comunicarse f\u00e1cilmente con impresoras, PCs, pantallas remotas, sistemas ERP, PLC y otros equipos perif\u00e9ricos.<\/p>\n","protected":false},"excerpt":{"rendered":"<p align=\"justify\">\u00bfDurabilidad o exactitud? Con la mayor\u00eda de las b\u00e1sculas de faja, se obtiene uno o el otro. Con el dise\u00f1o patentado de Rice Lake BCi, ahora usted puede conseguir las dos cosas. Esta b\u00e1scula no s\u00f3lo es uno de los m\u00e1s precisos en su clase. Ideal para miner\u00eda, canteras, materiales a granel, operaciones de control de procesos y camiones \/ barcos \/ aplicaciones ferroviario de despacho de carga, manejando f\u00e1cilmente capacidades de hasta 10.000 toneladas por hora con una precisi\u00f3n sin igual. El innovador integrador de BCI se ajusta a una amplia variedad de aplicaciones, desde simples inventarios hasta automatizados informes de salida de carga.<\/p>\n","protected":false},"featured_media":1013,"comment_status":"open","ping_status":"closed","template":"","meta":[],"product_cat":[30],"product_tag":[],"_links":{"self":[{"href":"https:\/\/presitec.pe\/index.php\/wp-json\/wp\/v2\/product\/1012"}],"collection":[{"href":"https:\/\/presitec.pe\/index.php\/wp-json\/wp\/v2\/product"}],"about":[{"href":"https:\/\/presitec.pe\/index.php\/wp-json\/wp\/v2\/types\/product"}],"replies":[{"embeddable":true,"href":"https:\/\/presitec.pe\/index.php\/wp-json\/wp\/v2\/comments?post=1012"}],"wp:featuredmedia":[{"embeddable":true,"href":"https:\/\/presitec.pe\/index.php\/wp-json\/wp\/v2\/media\/1013"}],"wp:attachment":[{"href":"https:\/\/presitec.pe\/index.php\/wp-json\/wp\/v2\/media?parent=1012"}],"wp:term":[{"taxonomy":"product_cat","embeddable":true,"href":"https:\/\/presitec.pe\/index.php\/wp-json\/wp\/v2\/product_cat?post=1012"},{"taxonomy":"product_tag","embeddable":true,"href":"https:\/\/presitec.pe\/index.php\/wp-json\/wp\/v2\/product_tag?post=1012"}],"curies":[{"name":"wp","href":"https:\/\/api.w.org\/{rel}","templated":true}]}}