{"id":1020,"date":"2024-04-13T00:38:08","date_gmt":"2024-04-12T22:38:08","guid":{"rendered":"https:\/\/presitec.pe\/?post_type=product&#038;p=1020"},"modified":"2025-01-15T22:31:49","modified_gmt":"2025-01-15T21:31:49","slug":"indicadore-de-pesaje-t51p","status":"publish","type":"product","link":"https:\/\/presitec.pe\/index.php\/producto\/indicadore-de-pesaje-t51p\/","title":{"rendered":"INDICADOR DE PESAJE &#8211; MARCA: OHAUS &#8211; MODELO: T51P"},"content":{"rendered":"","protected":false},"excerpt":{"rendered":"<p align=\"justify\">El indicador T51P de pl\u00e1stico ABS es ideal para usar con b\u00e1sculas de sobre mesa y de sobre suelo para aplicaciones de pesaje industrial est\u00e1ndar. Con varias opciones de personalizaci\u00f3n y configuraci\u00f3n, funcionamiento opcional con bater\u00eda NiMH.<\/p>\n","protected":false},"featured_media":1021,"comment_status":"open","ping_status":"closed","template":"","meta":[],"product_cat":[31],"product_tag":[],"_links":{"self":[{"href":"https:\/\/presitec.pe\/index.php\/wp-json\/wp\/v2\/product\/1020"}],"collection":[{"href":"https:\/\/presitec.pe\/index.php\/wp-json\/wp\/v2\/product"}],"about":[{"href":"https:\/\/presitec.pe\/index.php\/wp-json\/wp\/v2\/types\/product"}],"replies":[{"embeddable":true,"href":"https:\/\/presitec.pe\/index.php\/wp-json\/wp\/v2\/comments?post=1020"}],"wp:featuredmedia":[{"embeddable":true,"href":"https:\/\/presitec.pe\/index.php\/wp-json\/wp\/v2\/media\/1021"}],"wp:attachment":[{"href":"https:\/\/presitec.pe\/index.php\/wp-json\/wp\/v2\/media?parent=1020"}],"wp:term":[{"taxonomy":"product_cat","embeddable":true,"href":"https:\/\/presitec.pe\/index.php\/wp-json\/wp\/v2\/product_cat?post=1020"},{"taxonomy":"product_tag","embeddable":true,"href":"https:\/\/presitec.pe\/index.php\/wp-json\/wp\/v2\/product_tag?post=1020"}],"curies":[{"name":"wp","href":"https:\/\/api.w.org\/{rel}","templated":true}]}}