{"id":1022,"date":"2024-04-13T00:39:52","date_gmt":"2024-04-12T22:39:52","guid":{"rendered":"https:\/\/presitec.pe\/?post_type=product&#038;p=1022"},"modified":"2025-01-15T22:32:47","modified_gmt":"2025-01-15T21:32:47","slug":"indicadore-de-pesaje-t51xw","status":"publish","type":"product","link":"https:\/\/presitec.pe\/index.php\/producto\/indicadore-de-pesaje-t51xw\/","title":{"rendered":"INDICADOR DE PESAJE MARCA OHAUS &#8211; MODELO: T51XW"},"content":{"rendered":"","protected":false},"excerpt":{"rendered":"<p align=\"justify\">El indicador T51XW de acero inoxidable IP66 es ideal para usarse con b\u00e1sculas de sobre mesa y de sobre suelo para aplicaciones de pesaje industrial est\u00e1ndar en ambientes de trabajo mojados o h\u00famedos. Con varias opciones de personalizaci\u00f3n y configuraci\u00f3n.<\/p>\n","protected":false},"featured_media":1023,"comment_status":"open","ping_status":"closed","template":"","meta":[],"product_cat":[31],"product_tag":[],"_links":{"self":[{"href":"https:\/\/presitec.pe\/index.php\/wp-json\/wp\/v2\/product\/1022"}],"collection":[{"href":"https:\/\/presitec.pe\/index.php\/wp-json\/wp\/v2\/product"}],"about":[{"href":"https:\/\/presitec.pe\/index.php\/wp-json\/wp\/v2\/types\/product"}],"replies":[{"embeddable":true,"href":"https:\/\/presitec.pe\/index.php\/wp-json\/wp\/v2\/comments?post=1022"}],"wp:featuredmedia":[{"embeddable":true,"href":"https:\/\/presitec.pe\/index.php\/wp-json\/wp\/v2\/media\/1023"}],"wp:attachment":[{"href":"https:\/\/presitec.pe\/index.php\/wp-json\/wp\/v2\/media?parent=1022"}],"wp:term":[{"taxonomy":"product_cat","embeddable":true,"href":"https:\/\/presitec.pe\/index.php\/wp-json\/wp\/v2\/product_cat?post=1022"},{"taxonomy":"product_tag","embeddable":true,"href":"https:\/\/presitec.pe\/index.php\/wp-json\/wp\/v2\/product_tag?post=1022"}],"curies":[{"name":"wp","href":"https:\/\/api.w.org\/{rel}","templated":true}]}}