{"id":1260,"date":"2024-10-02T22:05:59","date_gmt":"2024-10-02T20:05:59","guid":{"rendered":"https:\/\/presitec.pe\/?post_type=product&#038;p=1260"},"modified":"2025-01-15T22:33:51","modified_gmt":"2025-01-15T21:33:51","slug":"autoclave-sobremesa-biobase-serien-clase-18l-23l","status":"publish","type":"product","link":"https:\/\/presitec.pe\/index.php\/producto\/autoclave-sobremesa-biobase-serien-clase-18l-23l\/","title":{"rendered":"AUTOCLAVE DE SOBREMESA &#8211; MARCA: BIOBASE &#8211; SERIE N CLASE 18L-23L"},"content":{"rendered":"<p><strong>Caracter\u00edsticas:<\/strong><\/p>\n<ol>\n<li>Material de alta calidad: La c\u00e1mara de esterilizaci\u00f3n est\u00e1 hecha de acero inoxidable S30408 \u200b\u200belectro pulido de alta calidad.<\/li>\n<li>M\u00e9todo de generaci\u00f3n de vapor: El cuerpo principal se calienta, no se requiere una fuente de vapor externa.<\/li>\n<li>Interfaz de operaci\u00f3n: La pantalla capacitiva a color de 3,5 pulgadas muestra la presi\u00f3n, la temperatura, la hora, el c\u00f3digo de alarma y otra informaci\u00f3n en tiempo real, lo que resulta muy pr\u00e1ctico para los usuarios. Cuando finaliza el ciclo de esterilizaci\u00f3n, suena un timbre.<\/li>\n<li>Registro de esterilizaci\u00f3n: Interfaz USB est\u00e1ndar, impresora opcional, registro de datos del programa.<\/li>\n<li>Nuevo estante de almacenamiento: aumenta el espacio de utilizaci\u00f3n de la c\u00e1mara de esterilizaci\u00f3n y el espacio de selecci\u00f3n para la carga de esterilizaci\u00f3n es mayor.<\/li>\n<li>Sistema de control: Controlado por microcomputadora de un solo chip, control autom\u00e1tico de calefacci\u00f3n, esterilizaci\u00f3n y escape, sin demasiada operaci\u00f3n manual.<\/li>\n<li>Inicio con una tecla en el panel de operaci\u00f3n, utilizando teclas mec\u00e1nicas, el n\u00famero de acciones \u2265100.000 veces.<\/li>\n<\/ol>\n","protected":false},"excerpt":{"rendered":"<p>La serie de esterilizadores BKM-K18\/23N es un esterilizador de nivel N. Descarga el aire fr\u00edo en la c\u00e1mara de esterilizaci\u00f3n por desplazamiento por gravedad, satura el vapor interno y alcanza la presi\u00f3n y temperatura establecidas. Para lograr el prop\u00f3sito de esterilizar los art\u00edculos que se van a esterilizar. Adecuado para estomatolog\u00eda, oftalmolog\u00eda, est\u00e9tica, quir\u00f3fanos y otros lugares. Es adecuado para la esterilizaci\u00f3n de cristaler\u00eda, utensilios de metal desnudo e instrumentos s\u00f3lidos no encapsulados.<\/p>\n","protected":false},"featured_media":1262,"comment_status":"open","ping_status":"closed","template":"","meta":[],"product_cat":[34],"product_tag":[],"_links":{"self":[{"href":"https:\/\/presitec.pe\/index.php\/wp-json\/wp\/v2\/product\/1260"}],"collection":[{"href":"https:\/\/presitec.pe\/index.php\/wp-json\/wp\/v2\/product"}],"about":[{"href":"https:\/\/presitec.pe\/index.php\/wp-json\/wp\/v2\/types\/product"}],"replies":[{"embeddable":true,"href":"https:\/\/presitec.pe\/index.php\/wp-json\/wp\/v2\/comments?post=1260"}],"wp:featuredmedia":[{"embeddable":true,"href":"https:\/\/presitec.pe\/index.php\/wp-json\/wp\/v2\/media\/1262"}],"wp:attachment":[{"href":"https:\/\/presitec.pe\/index.php\/wp-json\/wp\/v2\/media?parent=1260"}],"wp:term":[{"taxonomy":"product_cat","embeddable":true,"href":"https:\/\/presitec.pe\/index.php\/wp-json\/wp\/v2\/product_cat?post=1260"},{"taxonomy":"product_tag","embeddable":true,"href":"https:\/\/presitec.pe\/index.php\/wp-json\/wp\/v2\/product_tag?post=1260"}],"curies":[{"name":"wp","href":"https:\/\/api.w.org\/{rel}","templated":true}]}}