{"id":1263,"date":"2024-10-02T22:15:01","date_gmt":"2024-10-02T20:15:01","guid":{"rendered":"https:\/\/presitec.pe\/?post_type=product&#038;p=1263"},"modified":"2025-01-15T22:34:58","modified_gmt":"2025-01-15T21:34:58","slug":"autoclave-de-bioseguridad-biobase-serie-bkq-b","status":"publish","type":"product","link":"https:\/\/presitec.pe\/index.php\/producto\/autoclave-de-bioseguridad-biobase-serie-bkq-b\/","title":{"rendered":"AUTOCLAVE DE BIOSEGURIDAD &#8211; MARCA: BIOBASE &#8211; SERIE BKQ-B"},"content":{"rendered":"<p><strong>Caracter\u00edsticas:<\/strong><\/p>\n<ol>\n<li>Panel de control t\u00e1ctil de color real con pantalla clara y f\u00e1cil operaci\u00f3n.<\/li>\n<li>Con un sistema de recolecci\u00f3n de aguas residuales y filtraci\u00f3n de gases residuales, puede garantizar la esterilidad de las aguas residuales y los gases residuales finalmente descargados.<\/li>\n<li>El equipo ocupa un espacio peque\u00f1o y tiene un gran volumen de cavidad.<\/li>\n<li>Ruedas Footmaster, f\u00e1cil de mover el equipo.<\/li>\n<li>Con una ventana de servicio r\u00e1pido, se puede realizar el mantenimiento del equipo el\u00e9ctrico sin quitar la cubierta.<\/li>\n<li>La m\u00e1quina tiene un generador de vapor independiente incorporado.<\/li>\n<li>El anillo de sellado de silicona autoexpandible, con buen efecto de sellado y larga vida \u00fatil, est\u00e1 hecho de moldeo de silicona transparente m\u00e9dica.<\/li>\n<li>Utilizando control de chip \u00fanico, inyecci\u00f3n de agua, calentamiento, esterilizaci\u00f3n, escape, secado, recolecci\u00f3n, filtraci\u00f3n, control autom\u00e1tico, sin operaci\u00f3n manual.<\/li>\n<li>Impresora incorporada, que puede imprimir datos de esterilizaci\u00f3n en tiempo real.<\/li>\n<li>Conexi\u00f3n de agua desionizada para alimentaci\u00f3n del generador de vapor.<\/li>\n<\/ol>\n","protected":false},"excerpt":{"rendered":"<p>El autoclave de bioseguridad es adecuado para la esterilizaci\u00f3n de materiales, instrumentos, utensilios, medios de cultivo y residuos con fines de bioseguridad, con el fin de evitar la propagaci\u00f3n de factores pat\u00f3genos a trav\u00e9s de aerosoles a personas, animales y plantas o la contaminaci\u00f3n del medio ambiente.<\/p>\n","protected":false},"featured_media":1264,"comment_status":"open","ping_status":"closed","template":"","meta":[],"product_cat":[34],"product_tag":[],"_links":{"self":[{"href":"https:\/\/presitec.pe\/index.php\/wp-json\/wp\/v2\/product\/1263"}],"collection":[{"href":"https:\/\/presitec.pe\/index.php\/wp-json\/wp\/v2\/product"}],"about":[{"href":"https:\/\/presitec.pe\/index.php\/wp-json\/wp\/v2\/types\/product"}],"replies":[{"embeddable":true,"href":"https:\/\/presitec.pe\/index.php\/wp-json\/wp\/v2\/comments?post=1263"}],"wp:featuredmedia":[{"embeddable":true,"href":"https:\/\/presitec.pe\/index.php\/wp-json\/wp\/v2\/media\/1264"}],"wp:attachment":[{"href":"https:\/\/presitec.pe\/index.php\/wp-json\/wp\/v2\/media?parent=1263"}],"wp:term":[{"taxonomy":"product_cat","embeddable":true,"href":"https:\/\/presitec.pe\/index.php\/wp-json\/wp\/v2\/product_cat?post=1263"},{"taxonomy":"product_tag","embeddable":true,"href":"https:\/\/presitec.pe\/index.php\/wp-json\/wp\/v2\/product_tag?post=1263"}],"curies":[{"name":"wp","href":"https:\/\/api.w.org\/{rel}","templated":true}]}}