{"id":1265,"date":"2024-10-02T22:19:25","date_gmt":"2024-10-02T20:19:25","guid":{"rendered":"https:\/\/presitec.pe\/?post_type=product&#038;p=1265"},"modified":"2025-01-15T22:34:25","modified_gmt":"2025-01-15T21:34:25","slug":"autoclave-portatil-biobase","status":"publish","type":"product","link":"https:\/\/presitec.pe\/index.php\/producto\/autoclave-portatil-biobase\/","title":{"rendered":"AUTOCLAVE PORT\u00c1TIL &#8211; MARCA BIOBASE"},"content":{"rendered":"<p><strong>Rango de aplicaci\u00f3n:<\/strong><\/p>\n<p>Es un esterilizador autoclave de escritorio dise\u00f1ado para hospitales, cl\u00ednicas, laboratorios, etc.<\/p>\n<p>Es principalmente adecuado para esterilizar instrumentos quir\u00fargicos y dentales, cristaler\u00eda, medios de cultivo y ap\u00f3sitos biol\u00f3gicos, alimentos y productos, etc.<\/p>\n<p><strong>Caracter\u00edsticas:<\/strong><\/p>\n<ol>\n<li>F\u00e1cil de operar, seguro y confiable.<\/li>\n<li>El anillo de sellado autoexpandible tiene un buen rendimiento de sellado y puede prevenir eficazmente las fugas de vapor.<\/li>\n<li>Protecci\u00f3n autom\u00e1tica contra sobretemperatura y sobrepresi\u00f3n.<\/li>\n<li>Tubo de calentamiento el\u00e9ctrico de inmersi\u00f3n, alta eficiencia t\u00e9rmica, tubo de acero inoxidable duradero.<\/li>\n<li>Man\u00f3metro de doble ranura, escala doble de temperatura y presi\u00f3n, indicaci\u00f3n clara, observaci\u00f3n conveniente y rendimiento confiable.<\/li>\n<li>Equipado con un indicador de nivel de agua, si el nivel de agua es demasiado bajo, dejar\u00e1 de calentar autom\u00e1ticamente (tipo anti-seco)<\/li>\n<li>Calefacci\u00f3n el\u00e9ctrica o calefacci\u00f3n por gas licuado de petr\u00f3leo (tipo de uso dual)<\/li>\n<li>Con funci\u00f3n de autoajuste, la temperatura y el tiempo se pueden ajustar por s\u00ed solos, detener autom\u00e1ticamente el calentamiento y la funci\u00f3n de alarma despu\u00e9s de la esterilizaci\u00f3n (tipo de control de tiempo)<\/li>\n<li>Dos v\u00e1lvulas de seguridad mantienen una doble seguridad (tipo de control de tiempo)<\/li>\n<\/ol>\n","protected":false},"excerpt":{"rendered":"<p>Este esterilizador utiliza vapor de saturaci\u00f3n a presi\u00f3n como gen para matar las bacterias. El art\u00edculo se mantendr\u00e1 en un recipiente herm\u00e9tico y, despu\u00e9s de calentarlo, se transferir\u00e1 agua al vapor de saturaci\u00f3n que calentar\u00e1 y humedecer\u00e1 el art\u00edculo r\u00e1pidamente. Despu\u00e9s de un cierto per\u00edodo en un entorno de temperatura y presi\u00f3n constantes, la bacteria morir\u00e1 hasta obtener un resultado satisfactorio.<\/p>\n","protected":false},"featured_media":1266,"comment_status":"open","ping_status":"closed","template":"","meta":[],"product_cat":[34],"product_tag":[],"_links":{"self":[{"href":"https:\/\/presitec.pe\/index.php\/wp-json\/wp\/v2\/product\/1265"}],"collection":[{"href":"https:\/\/presitec.pe\/index.php\/wp-json\/wp\/v2\/product"}],"about":[{"href":"https:\/\/presitec.pe\/index.php\/wp-json\/wp\/v2\/types\/product"}],"replies":[{"embeddable":true,"href":"https:\/\/presitec.pe\/index.php\/wp-json\/wp\/v2\/comments?post=1265"}],"wp:featuredmedia":[{"embeddable":true,"href":"https:\/\/presitec.pe\/index.php\/wp-json\/wp\/v2\/media\/1266"}],"wp:attachment":[{"href":"https:\/\/presitec.pe\/index.php\/wp-json\/wp\/v2\/media?parent=1265"}],"wp:term":[{"taxonomy":"product_cat","embeddable":true,"href":"https:\/\/presitec.pe\/index.php\/wp-json\/wp\/v2\/product_cat?post=1265"},{"taxonomy":"product_tag","embeddable":true,"href":"https:\/\/presitec.pe\/index.php\/wp-json\/wp\/v2\/product_tag?post=1265"}],"curies":[{"name":"wp","href":"https:\/\/api.w.org\/{rel}","templated":true}]}}