{"id":1267,"date":"2024-10-02T22:28:06","date_gmt":"2024-10-02T20:28:06","guid":{"rendered":"https:\/\/presitec.pe\/?post_type=product&#038;p=1267"},"modified":"2025-01-15T22:34:50","modified_gmt":"2025-01-15T21:34:50","slug":"centrifuga-de-sobremesa-de-baja-velocidad-biobase-bkc-tl4mii","status":"publish","type":"product","link":"https:\/\/presitec.pe\/index.php\/producto\/centrifuga-de-sobremesa-de-baja-velocidad-biobase-bkc-tl4mii\/","title":{"rendered":"CENTR\u00cdFUGA DE SOBREMESA DE BAJA VELOCIDAD &#8211; MARCA: BIOBASE &#8211; SERIE: BKC-TL4MII"},"content":{"rendered":"<p><strong>Solicitud:<\/strong><\/p>\n<p>Se puede utilizar ampliamente en la separaci\u00f3n de part\u00edculas de diferente densidad en laboratorios de investigaci\u00f3n cient\u00edfica y departamentos de producci\u00f3n como radioinmunidad y bioqu\u00edmica.<\/p>\n<p><strong>Caracter\u00edsticas:<\/strong><\/p>\n<ol>\n<li>Puede almacenar 20 programas, memoria autom\u00e1tica de los \u00faltimos programas ejecutados.<\/li>\n<li>Autorrecuperaci\u00f3n en caso de corte de energ\u00eda, mejora la eficiencia.<\/li>\n<li>El programa es ajustable durante la ejecuci\u00f3n, conveniente y r\u00e1pido;<\/li>\n<li>Niveles de aceleraci\u00f3n ajustables: 16, niveles de desaceleraci\u00f3n: 16.<\/li>\n<li>Tiene modos de operaci\u00f3n continuo, instant\u00e1neo y puntual.<\/li>\n<li>Pantalla LCD, visualizaci\u00f3n en tiempo real de todos los par\u00e1metros de funcionamiento.<\/li>\n<li>Funci\u00f3n de memoria de programa, memoria autom\u00e1tica de los \u00faltimos par\u00e1metros de ejecuci\u00f3n.<\/li>\n<li>El ingl\u00e9s y el chino se pueden cambiar libremente.<\/li>\n<\/ol>\n","protected":false},"excerpt":{"rendered":"<p>BKC-TL4MII es una centr\u00edfuga de equilibrio autom\u00e1tico de baja velocidad de escritorio controlada por microcomputadora. Tiene un cuerpo de acero con superficie rociada con pl\u00e1stico, por lo que tiene buena rigidez, alta resistencia, forma novedosa, apariencia hermosa, bajo nivel de ruido, bajo aumento de temperatura, seguridad y confiabilidad.<br \/>\nEsta m\u00e1quina adopta un motor de CC sin escobillas que no requiere mantenimiento, control por microcomputadora, protecci\u00f3n de cubierta de puerta, lo que hace que su operaci\u00f3n sea m\u00e1s segura, m\u00e1s conveniente y m\u00e1s confiable.<\/p>\n","protected":false},"featured_media":1268,"comment_status":"open","ping_status":"closed","template":"","meta":[],"product_cat":[34],"product_tag":[],"_links":{"self":[{"href":"https:\/\/presitec.pe\/index.php\/wp-json\/wp\/v2\/product\/1267"}],"collection":[{"href":"https:\/\/presitec.pe\/index.php\/wp-json\/wp\/v2\/product"}],"about":[{"href":"https:\/\/presitec.pe\/index.php\/wp-json\/wp\/v2\/types\/product"}],"replies":[{"embeddable":true,"href":"https:\/\/presitec.pe\/index.php\/wp-json\/wp\/v2\/comments?post=1267"}],"wp:featuredmedia":[{"embeddable":true,"href":"https:\/\/presitec.pe\/index.php\/wp-json\/wp\/v2\/media\/1268"}],"wp:attachment":[{"href":"https:\/\/presitec.pe\/index.php\/wp-json\/wp\/v2\/media?parent=1267"}],"wp:term":[{"taxonomy":"product_cat","embeddable":true,"href":"https:\/\/presitec.pe\/index.php\/wp-json\/wp\/v2\/product_cat?post=1267"},{"taxonomy":"product_tag","embeddable":true,"href":"https:\/\/presitec.pe\/index.php\/wp-json\/wp\/v2\/product_tag?post=1267"}],"curies":[{"name":"wp","href":"https:\/\/api.w.org\/{rel}","templated":true}]}}