{"id":1269,"date":"2024-10-02T22:42:36","date_gmt":"2024-10-02T20:42:36","guid":{"rendered":"https:\/\/presitec.pe\/?post_type=product&#038;p=1269"},"modified":"2025-01-15T22:35:33","modified_gmt":"2025-01-15T21:35:33","slug":"cabina-de-seguridad-biologica-de-clase-i-biobase","status":"publish","type":"product","link":"https:\/\/presitec.pe\/index.php\/producto\/cabina-de-seguridad-biologica-de-clase-i-biobase\/","title":{"rendered":"CABINA DE SEGURIDAD BIOL\u00d3GICA DE CLASE I &#8211; MARCA: BIOBASE"},"content":{"rendered":"<p><strong><span>Caracter\u00edsticas:<\/span><\/strong><br \/>\n<span>1. L\u00e1mpara UV para esterilizaci\u00f3n.<\/span><\/p>\n<p><span>2. Panel de control t\u00e1ctil suave, pantalla LCD (solo BYKG-III).<\/span><\/p>\n<p><span>3. Ahorro de energ\u00eda, alta eficiencia, bajo nivel de ruido.<\/span><\/p>\n<p><span>4. Con funci\u00f3n de memoria en caso de corte de energ\u00eda.<\/span><\/p>\n<p><span>5. Una pieza de acero inoxidable 304 de trabajo estable, f\u00e1cil de limpiar.<\/span><\/p>\n<p><span>6. Sistema de flujo de aire estable; proporciona protecci\u00f3n firme a las personas y al medio ambiente.<\/span><\/p>\n","protected":false},"excerpt":{"rendered":"<p>El gabinete de seguridad biol\u00f3gica de clase I puede proteger adecuadamente contra los da\u00f1os causados \u200b\u200bpor la contaminaci\u00f3n por aerosoles y proteger eficazmente al personal y al medio ambiente. La entrada de aire a presi\u00f3n negativa en la ventana frontal del gabinete de seguridad biol\u00f3gica de clase I puede proteger a los operadores y el aire de escape pasa por un filtro HEPA que puede proteger el medio ambiente. El gabinete de seguridad biol\u00f3gica de clase I se puede colocar en cualquier lugar gracias a su estructura simple y port\u00e1til.<\/p>\n","protected":false},"featured_media":1270,"comment_status":"open","ping_status":"closed","template":"","meta":[],"product_cat":[34],"product_tag":[],"_links":{"self":[{"href":"https:\/\/presitec.pe\/index.php\/wp-json\/wp\/v2\/product\/1269"}],"collection":[{"href":"https:\/\/presitec.pe\/index.php\/wp-json\/wp\/v2\/product"}],"about":[{"href":"https:\/\/presitec.pe\/index.php\/wp-json\/wp\/v2\/types\/product"}],"replies":[{"embeddable":true,"href":"https:\/\/presitec.pe\/index.php\/wp-json\/wp\/v2\/comments?post=1269"}],"wp:featuredmedia":[{"embeddable":true,"href":"https:\/\/presitec.pe\/index.php\/wp-json\/wp\/v2\/media\/1270"}],"wp:attachment":[{"href":"https:\/\/presitec.pe\/index.php\/wp-json\/wp\/v2\/media?parent=1269"}],"wp:term":[{"taxonomy":"product_cat","embeddable":true,"href":"https:\/\/presitec.pe\/index.php\/wp-json\/wp\/v2\/product_cat?post=1269"},{"taxonomy":"product_tag","embeddable":true,"href":"https:\/\/presitec.pe\/index.php\/wp-json\/wp\/v2\/product_tag?post=1269"}],"curies":[{"name":"wp","href":"https:\/\/api.w.org\/{rel}","templated":true}]}}