{"id":1271,"date":"2024-10-02T22:48:55","date_gmt":"2024-10-02T20:48:55","guid":{"rendered":"https:\/\/presitec.pe\/?post_type=product&#038;p=1271"},"modified":"2025-01-15T22:35:57","modified_gmt":"2025-01-15T21:35:57","slug":"cabina-de-flujo-laminar-vertical-biobase-serie-bbs-vx","status":"publish","type":"product","link":"https:\/\/presitec.pe\/index.php\/producto\/cabina-de-flujo-laminar-vertical-biobase-serie-bbs-vx\/","title":{"rendered":"CABINA DE FLUJO LAMINAR VERTICAL &#8211; MARCA: BIOBASE &#8211; SERIE: BBS-VX"},"content":{"rendered":"<p><strong>Caracter\u00edsticas:<\/strong><\/p>\n<ol>\n<li>Velocidad del aire ajustable: 8 niveles.<\/li>\n<li>Dise\u00f1o ergon\u00f3mico con inclinaci\u00f3n frontal de 7\u00b0, postura de trabajo sin fatiga.<\/li>\n<li>Funci\u00f3n de interbloqueo: l\u00e1mpara UV y soplador, l\u00e1mpara LED.<\/li>\n<li>La l\u00e1mpara UV se enciende despu\u00e9s de 5 segundos de retraso. Protege la seguridad del operador.<\/li>\n<li>Con l\u00e1mpara UV, funci\u00f3n de sincronizaci\u00f3n de cita del ventilador.<\/li>\n<li>Establezca la altura segura de la abertura de la ventana delantera y active la alarma cuando sea inferior o superior a la altura segura. Aseg\u00farese de que el rendimiento del equipo sea estable.<\/li>\n<li>Dise\u00f1o de ruedas Footmaster, c\u00f3modo movimiento y fijaci\u00f3n del gabinete.<\/li>\n<\/ol>\n","protected":false},"excerpt":{"rendered":"<p>La cabina de flujo laminar vertical es una estaci\u00f3n de trabajo de aire limpio de alto rendimiento dise\u00f1ada para proteger las muestras de la contaminaci\u00f3n al proporcionar un entorno est\u00e9ril. Esta cabina dirige el aire filtrado con HEPA en un flujo unidireccional vertical, lo que garantiza que el \u00e1rea de trabajo permanezca libre de part\u00edculas en suspensi\u00f3n.<\/p>\n","protected":false},"featured_media":1273,"comment_status":"open","ping_status":"closed","template":"","meta":[],"product_cat":[34],"product_tag":[],"_links":{"self":[{"href":"https:\/\/presitec.pe\/index.php\/wp-json\/wp\/v2\/product\/1271"}],"collection":[{"href":"https:\/\/presitec.pe\/index.php\/wp-json\/wp\/v2\/product"}],"about":[{"href":"https:\/\/presitec.pe\/index.php\/wp-json\/wp\/v2\/types\/product"}],"replies":[{"embeddable":true,"href":"https:\/\/presitec.pe\/index.php\/wp-json\/wp\/v2\/comments?post=1271"}],"wp:featuredmedia":[{"embeddable":true,"href":"https:\/\/presitec.pe\/index.php\/wp-json\/wp\/v2\/media\/1273"}],"wp:attachment":[{"href":"https:\/\/presitec.pe\/index.php\/wp-json\/wp\/v2\/media?parent=1271"}],"wp:term":[{"taxonomy":"product_cat","embeddable":true,"href":"https:\/\/presitec.pe\/index.php\/wp-json\/wp\/v2\/product_cat?post=1271"},{"taxonomy":"product_tag","embeddable":true,"href":"https:\/\/presitec.pe\/index.php\/wp-json\/wp\/v2\/product_tag?post=1271"}],"curies":[{"name":"wp","href":"https:\/\/api.w.org\/{rel}","templated":true}]}}