{"id":1276,"date":"2024-10-02T23:01:41","date_gmt":"2024-10-02T21:01:41","guid":{"rendered":"https:\/\/presitec.pe\/?post_type=product&#038;p=1276"},"modified":"2026-02-10T22:40:45","modified_gmt":"2026-02-10T21:40:45","slug":"bano-maria-de-22-lt-memmert-wnb-22","status":"publish","type":"product","link":"https:\/\/presitec.pe\/index.php\/producto\/bano-maria-de-22-lt-memmert-wnb-22\/","title":{"rendered":"BA\u00d1O MAR\u00cdA DE 22 LT. \u2013 MARCA MEMMERT MODELO: WNB 22"},"content":{"rendered":"<p><strong>Caracter\u00edsticas:<\/strong><\/p>\n<ul>\n<li>Equipo en acero inoxidable de calidad 304.<\/li>\n<li>Exterior con acabado estructural, resistente al rayado, robusto, de larga duraci\u00f3n permite limpieza higi\u00e9nica evitando la formaci\u00f3n de residuo.<\/li>\n<li>Control electr\u00f3nico por microprocesador, Control PID (Proporcional Integral Derivativo).<\/li>\n<li>M\u00f3dulo de control Integrado (control de temperatura y tiempo).<\/li>\n<li>Temperatura programable y protecci\u00f3n contra sobre temperatura.<\/li>\n<li>Indicadores de estado o fase del proceso de equipo: calentando, retardo, mantenimiento de la temperatura y alarma.<\/li>\n<li>Pantalla digital a color para f\u00e1cil visualizaci\u00f3n por el usuario.<\/li>\n<li>Con dispositivo de drenaje.<\/li>\n<li>Con protecci\u00f3n contra sobretemperatura.<\/li>\n<li>Modos de uso: Normal (se ajusta el tipo deseado y listo), Retardo (se programa la hora de inicio y termino), Reprogramaci\u00f3n c\/espera.<\/li>\n<li>Alarma visual al sobre pasar la temperatura programada en m\u00e1s de 10\u00baC.<\/li>\n<li>Tapa inclinada (tipo tejadillo) cerrada p\/evitar la evaporaci\u00f3n<\/li>\n<\/ul>\n<p>&nbsp;<\/p>\n<p><strong>Especificaciones T\u00e9cnicas:<\/strong><\/p>\n<ul>\n<li>Capacidad del reservorio: 22 litros.<\/li>\n<li>Precisi\u00f3n de ajuste de la temperatura: 0,1\u00b0C<\/li>\n<li>Variaci\u00f3n de temperatura: +\/- 0.25 \u00baC<\/li>\n<li>Precisi\u00f3n de ajuste del tiempo: 1 min.<\/li>\n<li>Rango de temperatura de trabajo: 5\u00b0C por encima de la temperatura ambiental hasta a 95\u00b0C.<\/li>\n<li>Temporizador: de 0 a 99:59 horas.<\/li>\n<li>Rango de ajuste de temperatura 10\u00b0C hasta 95\u00b0C.<\/li>\n<li>Con activaci\u00f3n del modo de cocci\u00f3n hasta 100\u00b0C.<\/li>\n<li>Alarma de sobretemperatura m\u00e1xima ajustado en f\u00e1brica: El limitador de temperatura mec\u00e1nico TB desconecta la calefacci\u00f3n y el s\u00edmbolo de alarma se enciende de manera continua<\/li>\n<li>Consumo de potencia aprox.:1200 w<\/li>\n<li>Conexi\u00f3n el\u00e9ctrica: Tensi\u00f3n 230 V (\u00b110%), 50\/60 Hz.<\/li>\n<\/ul>\n","protected":false},"excerpt":{"rendered":"<p>Equipo para el calentamiento indirecto, por convecci\u00f3n t\u00e9rmica del medio (agua) y por conducci\u00f3n t\u00e9rmica de la sustancia, de tipo digital. Para uso en Laboratorios de Hospitales, Cl\u00ednicas, Industrias e Investigaci\u00f3n (Universidades, Institutos)<\/p>\n","protected":false},"featured_media":1277,"comment_status":"open","ping_status":"closed","template":"","meta":[],"product_cat":[34],"product_tag":[],"_links":{"self":[{"href":"https:\/\/presitec.pe\/index.php\/wp-json\/wp\/v2\/product\/1276"}],"collection":[{"href":"https:\/\/presitec.pe\/index.php\/wp-json\/wp\/v2\/product"}],"about":[{"href":"https:\/\/presitec.pe\/index.php\/wp-json\/wp\/v2\/types\/product"}],"replies":[{"embeddable":true,"href":"https:\/\/presitec.pe\/index.php\/wp-json\/wp\/v2\/comments?post=1276"}],"wp:featuredmedia":[{"embeddable":true,"href":"https:\/\/presitec.pe\/index.php\/wp-json\/wp\/v2\/media\/1277"}],"wp:attachment":[{"href":"https:\/\/presitec.pe\/index.php\/wp-json\/wp\/v2\/media?parent=1276"}],"wp:term":[{"taxonomy":"product_cat","embeddable":true,"href":"https:\/\/presitec.pe\/index.php\/wp-json\/wp\/v2\/product_cat?post=1276"},{"taxonomy":"product_tag","embeddable":true,"href":"https:\/\/presitec.pe\/index.php\/wp-json\/wp\/v2\/product_tag?post=1276"}],"curies":[{"name":"wp","href":"https:\/\/api.w.org\/{rel}","templated":true}]}}