{"id":1279,"date":"2024-10-02T23:15:07","date_gmt":"2024-10-02T21:15:07","guid":{"rendered":"https:\/\/presitec.pe\/?post_type=product&#038;p=1279"},"modified":"2025-02-17T17:02:38","modified_gmt":"2025-02-17T16:02:38","slug":"estufa-universal-53-lt-memmert-un-55","status":"publish","type":"product","link":"https:\/\/presitec.pe\/index.php\/producto\/estufa-universal-53-lt-memmert-un-55\/","title":{"rendered":"ESTUFA UNIVERSAL 53 LT. &#8211; MARCA MEMMERT MODELO: UN-55"},"content":{"rendered":"<p><strong>CARACTER\u00cdSTICAS GENERALES<\/strong><\/p>\n<ul>\n<li>C\u00e1mara interna construido en acero inoxidable de calidad 1.4301 (ASTM 304).<\/li>\n<li>Construcci\u00f3n exterior en acero inoxidable con acabado estructural, resistente a ara\u00f1azos, s\u00f3lido y de larga duraci\u00f3n.<\/li>\n<li>Puerta de acero inoxidable completamente aislada.<\/li>\n<li>Regulaci\u00f3n mediante microprocesador PID con sistema de autodiagn\u00f3stico integrado.<\/li>\n<li>Pantalla de gr\u00e1ficos a color TFT de alta resoluci\u00f3n para f\u00e1cil visualizaci\u00f3n por el usuario con botones t\u00e1ctiles para la selecci\u00f3n de funciones.<\/li>\n<li>Par\u00e1metros ajustables en el Control COCKPIT: temperatura (Celsius o Fahrenheit), tiempo de funcionamiento de programa y trampilla de extracci\u00f3n de aire.<\/li>\n<li>Indicador digital de temperatura real y nominal simult\u00e1neamente<\/li>\n<li>Indicador digital de tiempo restante, posici\u00f3n de trampilla de aire y alarma.<\/li>\n<li>Trampilla de aire ajustable electr\u00f3nicamente.<\/li>\n<li>Con circulaci\u00f3n de aire por convecci\u00f3n natural.<\/li>\n<li>Con c\u00e1mara de precalentamiento.<\/li>\n<li>Alarma \u00f3ptica y ac\u00fastica.<\/li>\n<li>Limitador mec\u00e1nico de temperatura (TB)<\/li>\n<li>Sistema de vigilancia electr\u00f3nica de tipo 2.0 \u00f3 3.1. (Opcional)<\/li>\n<li>Un sensor de temperatura PT100.<\/li>\n<li>Funci\u00f3n SetpointWAIT para iniciar el temporizador una vez alcanzada la temperatura nominal programada.<\/li>\n<li>Registro interno de datos integrado con capacidad de almacenamiento de 10 a\u00f1os como m\u00ednimo.<\/li>\n<li>Configuraci\u00f3n de idioma (alem\u00e1n, ingl\u00e9s, espa\u00f1ol, franc\u00e9s).<\/li>\n<li>Con puerto Ethernet para la lectura de datos de protocolizaci\u00f3n.<\/li>\n<li>Software AtmoCONTROL para leer, administrar y organizar la memoria de protocolizaci\u00f3n de datos (versi\u00f3n de prueba 90 d\u00edas para descargar). Dispositivo USB con software<\/li>\n<li>AtmoCONTROL opcional.<\/li>\n<li>Calibraci\u00f3n de temperatura en tres puntos.<\/li>\n<\/ul>\n<p><strong>DATOS T\u00c9CNICOS<\/strong><\/p>\n<ul>\n<li>Capacidad de la c\u00e1mara: 53 litros.<\/li>\n<li>Rango de ajuste de Temperatura: +20\u00baC a +300\u00baC.<\/li>\n<li>Rango de temperatura de trabajo: 5\u00baC por encima de la Temperatura ambiente hasta 300\u00baC.<\/li>\n<li>Precisi\u00f3n de ajuste: 0,1\u00baC (hasta 99,9\u00b0C) \/ 0,5\u00b0C (a partir de 100\u00b0C).<\/li>\n<li>Reloj digital integrado: 1 min hasta 99 d\u00edas.<\/li>\n<li>Limitador mec\u00e1nico de temperatura (TB) para desconexi\u00f3n permanente en caso de sobrepasar 20\u00ba C de la temperatura preajustada desde f\u00e1brica.<\/li>\n<li>Tama\u00f1o:\n<ul>\n<li>Interior (L x An x Al): 330 mm x 400 mm x 400 mm.<\/li>\n<li>Exterior (L x An x Al): 514 mm x 585 mm x 787 mm.<\/li>\n<\/ul>\n<\/li>\n<li>Suministro el\u00e9ctrico: 230 V, 50\/60Hz.<\/li>\n<li>Consumo el\u00e9ctrico: Aprox. 2000W.<\/li>\n<li>Peso neto: Aprox. 57 Kg.<\/li>\n<li>Cumple con las normas DIN 12880: 2007-05, EN 61010-1 (IEC 61010-1), 61010-2-010, CE.<\/li>\n<\/ul>\n","protected":false},"excerpt":{"rendered":"<p>Equipo de calor seco, empleado para esterilizar o secar material. De tipo Mesa, para uso Hospitalario, Laboratorios Cl\u00ednicos e Investigaci\u00f3n (Universidades, Institutos)<\/p>\n","protected":false},"featured_media":1280,"comment_status":"open","ping_status":"closed","template":"","meta":[],"product_cat":[34],"product_tag":[],"_links":{"self":[{"href":"https:\/\/presitec.pe\/index.php\/wp-json\/wp\/v2\/product\/1279"}],"collection":[{"href":"https:\/\/presitec.pe\/index.php\/wp-json\/wp\/v2\/product"}],"about":[{"href":"https:\/\/presitec.pe\/index.php\/wp-json\/wp\/v2\/types\/product"}],"replies":[{"embeddable":true,"href":"https:\/\/presitec.pe\/index.php\/wp-json\/wp\/v2\/comments?post=1279"}],"wp:featuredmedia":[{"embeddable":true,"href":"https:\/\/presitec.pe\/index.php\/wp-json\/wp\/v2\/media\/1280"}],"wp:attachment":[{"href":"https:\/\/presitec.pe\/index.php\/wp-json\/wp\/v2\/media?parent=1279"}],"wp:term":[{"taxonomy":"product_cat","embeddable":true,"href":"https:\/\/presitec.pe\/index.php\/wp-json\/wp\/v2\/product_cat?post=1279"},{"taxonomy":"product_tag","embeddable":true,"href":"https:\/\/presitec.pe\/index.php\/wp-json\/wp\/v2\/product_tag?post=1279"}],"curies":[{"name":"wp","href":"https:\/\/api.w.org\/{rel}","templated":true}]}}