{"id":1281,"date":"2024-10-02T23:21:58","date_gmt":"2024-10-02T21:21:58","guid":{"rendered":"https:\/\/presitec.pe\/?post_type=product&#038;p=1281"},"modified":"2025-01-15T22:37:46","modified_gmt":"2025-01-15T21:37:46","slug":"agitador-vortex-digital-marca-eurotech-modelo-mix-30s","status":"publish","type":"product","link":"https:\/\/presitec.pe\/index.php\/producto\/agitador-vortex-digital-marca-eurotech-modelo-mix-30s\/","title":{"rendered":"AGITADOR VORTEX DIGITAL &#8211; MARCA EUROTECH &#8211; MODELO: MIX-30"},"content":{"rendered":"<p><strong>CARACTER\u00cdSTICAS DEL PRODUCTO<\/strong><\/p>\n<ol>\n<li>Aspecto Mini y compacto, funci\u00f3n potente, chasis inferior tipo ventosa, s\u00faper resistente a los golpes, ideal para un funcionamiento de alta velocidad.<\/li>\n<li>M\u00faltiples modos de mezcla, funcionamiento t\u00e1ctil, funcionamiento continuo y ajuste de tiempo.<\/li>\n<li>Amplio rango de velocidad: 300-3000 rpm\/min, motor variable continuo y Motor de CC sin escobillas son opcionales. Velocidad baja estable, alta velocidad potente.<\/li>\n<li>Bloque de vibraci\u00f3n conveniente para el reemplazo, estable y fiable, robusto y duradero dise\u00f1o exc\u00e9ntrico del rodamiento.<\/li>\n<li>Varios adaptadores de bloque de vibraci\u00f3n (adecuado para tubo Eppendorf).<\/li>\n<\/ol>\n<p><strong>\u00a0ESPECIFICACIONES T\u00c9CNICAS<\/strong><\/p>\n<ul>\n<li>Pantalla Y Panel Digital<\/li>\n<li>Orbita De Agitaci\u00f3n: 3 Mm<\/li>\n<li>Movimiento Circular<\/li>\n<li>Doble Funci\u00f3n: Contin\u00faa Y Presionando El Bot\u00f3n De Activaci\u00f3n<\/li>\n<li>Velocidad: 300-3000 Rpm<\/li>\n<li>Tiempo: Desde 1 Hasta 999 Minutos<\/li>\n<li>Voltaje: Dc24v<\/li>\n<li>Potencia: 30w<\/li>\n<li>Peso: 2.2 Kg<\/li>\n<\/ul>\n<p><strong>\u00a0ACCESORIOS:<\/strong><\/p>\n<ul>\n<li>Cabezal Est\u00e1ndar Para Tubo De Ensayo<\/li>\n<li>Cabezal Plataforma Plana Con Circunferencia De 99mm<\/li>\n<li>Cabezal De Espuma Con 20 Orificios Para Microtubo De 0.2 A 1.5 Ml<\/li>\n<li>Cabezal De Espuma Con 8 Orificios Para Tubos De 15 Ml<\/li>\n<\/ul>\n","protected":false},"excerpt":{"rendered":"<p>CARACTER\u00cdSTICAS DEL PRODUCTO Aspecto Mini y compacto, funci\u00f3n potente, chasis inferior tipo ventosa, s\u00faper resistente a los golpes, ideal para un funcionamiento de alta velocidad. M\u00faltiples modos de mezcla, funcionamiento t\u00e1ctil, funcionamiento continuo y ajuste de tiempo. Amplio rango de velocidad: 300-3000 rpm\/min, motor variable continuo y Motor de CC sin escobillas son opcionales. Velocidad [&hellip;]<\/p>\n","protected":false},"featured_media":1286,"comment_status":"open","ping_status":"closed","template":"","meta":[],"product_cat":[34],"product_tag":[],"_links":{"self":[{"href":"https:\/\/presitec.pe\/index.php\/wp-json\/wp\/v2\/product\/1281"}],"collection":[{"href":"https:\/\/presitec.pe\/index.php\/wp-json\/wp\/v2\/product"}],"about":[{"href":"https:\/\/presitec.pe\/index.php\/wp-json\/wp\/v2\/types\/product"}],"replies":[{"embeddable":true,"href":"https:\/\/presitec.pe\/index.php\/wp-json\/wp\/v2\/comments?post=1281"}],"wp:featuredmedia":[{"embeddable":true,"href":"https:\/\/presitec.pe\/index.php\/wp-json\/wp\/v2\/media\/1286"}],"wp:attachment":[{"href":"https:\/\/presitec.pe\/index.php\/wp-json\/wp\/v2\/media?parent=1281"}],"wp:term":[{"taxonomy":"product_cat","embeddable":true,"href":"https:\/\/presitec.pe\/index.php\/wp-json\/wp\/v2\/product_cat?post=1281"},{"taxonomy":"product_tag","embeddable":true,"href":"https:\/\/presitec.pe\/index.php\/wp-json\/wp\/v2\/product_tag?post=1281"}],"curies":[{"name":"wp","href":"https:\/\/api.w.org\/{rel}","templated":true}]}}