{"id":1294,"date":"2024-10-03T17:05:00","date_gmt":"2024-10-03T15:05:00","guid":{"rendered":"https:\/\/presitec.pe\/?post_type=product&#038;p=1294"},"modified":"2025-01-15T22:38:12","modified_gmt":"2025-01-15T21:38:12","slug":"aparato-de-extraccion-soxhlet-completo-500-ml-isolab","status":"publish","type":"product","link":"https:\/\/presitec.pe\/index.php\/producto\/aparato-de-extraccion-soxhlet-completo-500-ml-isolab\/","title":{"rendered":"APARATO DE EXTRACCI\u00d3N SOXHLET COMPLETO 500 ML &#8211; MARCA: ISOLAB"},"content":{"rendered":"<p><strong>DESCRIPCI\u00d3N:<\/strong><\/p>\n<p>Dise\u00f1ado para calentar y hervir l\u00edquidos en varios tama\u00f1os de matraces de fondo redondo de 100 ml a 10.000 ml. El control del calentador proporcional al tiempo con una excelente repetibilidad permite un rango de operaci\u00f3n de temperatura de 450 \u00b0C. El elemento calefactor est\u00e1 hecho de hilo de vidrio altamente flexible y resistente al calor que realiza una temperatura m\u00e1xima de 900 \u00b0 C. El elemento de calentamiento flexible absorbe los calzos, minimizando el riesgo de rotura del matraz y garantiza una distribuci\u00f3n uniforme del calor. La fundici\u00f3n externa se fabrica con acero recubierto de polvo f\u00e1cil de limpiar. El aislamiento exterior de fibra de vidrio con excelentes ranuras de ventilaci\u00f3n mantiene la cubierta exterior fr\u00edo en todo momento. Presentado con patas de goma antideslizantes que permiten una perfecta estabilidad durante el funcionamiento. El panel de control tiene l\u00e1mparas indicadoras separadas para las funciones de potencia y calor.<\/p>\n<p><strong>ESPECIFICACIONES T\u00c9CNICAS:<\/strong><\/p>\n<ul>\n<li>De Vidrio Borosilicato 3.3 De Calidad Superior.Ns 29\/32x500ml<\/li>\n<li>C\u00e1mara N\u00b0 29\/32-45\/40x250ml<\/li>\n<li>Refrigerante\/Condensador, N\u00b0 45\/40 X 100\/250ml<\/li>\n<li>Cuerpo Extractor De 500 Ml<\/li>\n<li>01 pinzas De Tres Dedos<\/li>\n<li>01 soporte Universal Base 25x15cm Aprox. Varilla Cromada De 60 Cm M\u00ednimo<\/li>\n<li>4 metros De Manguera De 8mm De Di\u00e1metro<\/li>\n<li>01 manta De Calentamiento Seg\u00fan Modelo<\/li>\n<\/ul>\n","protected":false},"excerpt":{"rendered":"<p>El Soxhlet es un aparato de extracci\u00f3n continua para materias s\u00f3lidas. Se usa en laboratorios de qu\u00edmica para extraer compuestos contenidos en un solido a trav\u00e9s de un solvente. El equipo Soxhlet es fabricado en vidrio borosilicato.<\/p>\n","protected":false},"featured_media":1296,"comment_status":"open","ping_status":"closed","template":"","meta":[],"product_cat":[34],"product_tag":[],"_links":{"self":[{"href":"https:\/\/presitec.pe\/index.php\/wp-json\/wp\/v2\/product\/1294"}],"collection":[{"href":"https:\/\/presitec.pe\/index.php\/wp-json\/wp\/v2\/product"}],"about":[{"href":"https:\/\/presitec.pe\/index.php\/wp-json\/wp\/v2\/types\/product"}],"replies":[{"embeddable":true,"href":"https:\/\/presitec.pe\/index.php\/wp-json\/wp\/v2\/comments?post=1294"}],"wp:featuredmedia":[{"embeddable":true,"href":"https:\/\/presitec.pe\/index.php\/wp-json\/wp\/v2\/media\/1296"}],"wp:attachment":[{"href":"https:\/\/presitec.pe\/index.php\/wp-json\/wp\/v2\/media?parent=1294"}],"wp:term":[{"taxonomy":"product_cat","embeddable":true,"href":"https:\/\/presitec.pe\/index.php\/wp-json\/wp\/v2\/product_cat?post=1294"},{"taxonomy":"product_tag","embeddable":true,"href":"https:\/\/presitec.pe\/index.php\/wp-json\/wp\/v2\/product_tag?post=1294"}],"curies":[{"name":"wp","href":"https:\/\/api.w.org\/{rel}","templated":true}]}}