{"id":1299,"date":"2024-10-04T18:12:39","date_gmt":"2024-10-04T16:12:39","guid":{"rendered":"https:\/\/presitec.pe\/?post_type=product&#038;p=1299"},"modified":"2025-01-16T15:49:02","modified_gmt":"2025-01-16T14:49:02","slug":"solucion-de-calibracion-de-ph-7-01-500-ml-hanna-instruments-hi7007l","status":"publish","type":"product","link":"https:\/\/presitec.pe\/index.php\/producto\/solucion-de-calibracion-de-ph-7-01-500-ml-hanna-instruments-hi7007l\/","title":{"rendered":"SOLUCI\u00d3N DE CALIBRACI\u00d3N DE pH 7.01 (500 mL) &#8211; MARCA HANNA INSTRUMENTS &#8211; SERIE HI7007L"},"content":{"rendered":"<p><strong>CARACTER\u00cdSTICAS:<\/strong><\/p>\n<ul>\n<li>Etiqueta con c\u00f3digo de color para facilitar la identificaci\u00f3n del valor de la soluci\u00f3n de calibraci\u00f3n de pH<\/li>\n<li>Exactitud de +\/- 0.01 pH @ 25\u00b0C<\/li>\n<li>Tabla de valores reales de pH a diferentes temperaturas, impresa en cada frasco<\/li>\n<\/ul>\n<p>La HI7007L es una soluci\u00f3n de calibraci\u00f3n de pH 7.01 de primera calidad. Las soluciones de calibraci\u00f3n de Hanna\u00ae cuentan con el n\u00famero de lote y la fecha de caducidad claramente marcados en la etiqueta, tienen un sello herm\u00e9tico para evitar manipulaciones y asegurar la calidad de la soluci\u00f3n.\u00a0 La l\u00ednea de soluciones de calibraci\u00f3n de Hanna\u00ae ha sido especialmente formulada para tener un tiempo de caducidad de 5 a\u00f1os a partir de la fecha de fabricaci\u00f3n del frasco sin abrir.<\/p>\n<p><strong>Frasco herm\u00e9tico con sello a prueba de manipulaciones<\/strong><\/p>\n<ul>\n<li>Garantiza calidad y frescura de la soluci\u00f3n<\/li>\n<\/ul>\n<p><strong>Cada frasco est\u00e1 marcado con n\u00famero de lote y fecha de caducidad.<\/strong><\/p>\n<ul>\n<li>Las soluciones de calibraci\u00f3n de\u00a0<strong>Hanna<\/strong>\u00ae est\u00e1n especialmente formuladas para tener un tiempo de caducidad de 5 a\u00f1os a partir de la fecha de fabricaci\u00f3n del frasco sin abrir.<\/li>\n<\/ul>\n<p><strong>Etiqueta con c\u00f3digo de color para facilitar la identificaci\u00f3n del valor de la soluci\u00f3n de calibraci\u00f3n de pH<\/strong><\/p>\n<ul>\n<li>Los diferentes valores de soluci\u00f3n de calibraci\u00f3n son f\u00e1ciles de identificar<\/li>\n<li>La soluci\u00f3n no contiene ning\u00fan colorante que pueda manchar la celda de referencia de un electrodo de pH<\/li>\n<\/ul>\n","protected":false},"excerpt":{"rendered":"<p>La HI7007L es una soluci\u00f3n de calibraci\u00f3n de pH 7.01 de primera calidad.\u00a0Las soluciones de calibraci\u00f3n de Hanna\u00ae cuentan con el n\u00famero de lote y la fecha de caducidad claramente marcados en la etiqueta, tienen un sello herm\u00e9tico para evitar manipulaciones y asegurar la calidad de la soluci\u00f3n.\u00a0\u00a0La l\u00ednea de soluciones de calibraci\u00f3n de Hanna\u00ae ha sido especialmente formulada para tener un tiempo de caducidad de 5 a\u00f1os a partir de la fecha de fabricaci\u00f3n del frasco sin abrir.<\/p>\n","protected":false},"featured_media":1300,"comment_status":"open","ping_status":"closed","template":"","meta":[],"product_cat":[35],"product_tag":[],"_links":{"self":[{"href":"https:\/\/presitec.pe\/index.php\/wp-json\/wp\/v2\/product\/1299"}],"collection":[{"href":"https:\/\/presitec.pe\/index.php\/wp-json\/wp\/v2\/product"}],"about":[{"href":"https:\/\/presitec.pe\/index.php\/wp-json\/wp\/v2\/types\/product"}],"replies":[{"embeddable":true,"href":"https:\/\/presitec.pe\/index.php\/wp-json\/wp\/v2\/comments?post=1299"}],"wp:featuredmedia":[{"embeddable":true,"href":"https:\/\/presitec.pe\/index.php\/wp-json\/wp\/v2\/media\/1300"}],"wp:attachment":[{"href":"https:\/\/presitec.pe\/index.php\/wp-json\/wp\/v2\/media?parent=1299"}],"wp:term":[{"taxonomy":"product_cat","embeddable":true,"href":"https:\/\/presitec.pe\/index.php\/wp-json\/wp\/v2\/product_cat?post=1299"},{"taxonomy":"product_tag","embeddable":true,"href":"https:\/\/presitec.pe\/index.php\/wp-json\/wp\/v2\/product_tag?post=1299"}],"curies":[{"name":"wp","href":"https:\/\/api.w.org\/{rel}","templated":true}]}}