{"id":1302,"date":"2024-10-04T18:17:55","date_gmt":"2024-10-04T16:17:55","guid":{"rendered":"https:\/\/presitec.pe\/?post_type=product&#038;p=1302"},"modified":"2025-01-16T15:52:46","modified_gmt":"2025-01-16T14:52:46","slug":"solucion-de-calibracion-de-ph-10-01-500-ml-hanna-instruments-hi7010l","status":"publish","type":"product","link":"https:\/\/presitec.pe\/index.php\/producto\/solucion-de-calibracion-de-ph-10-01-500-ml-hanna-instruments-hi7010l\/","title":{"rendered":"SOLUCI\u00d3N DE CALIBRACI\u00d3N DE pH 10.01 (500 mL) &#8211; MARCA: HANNA INSTRUMENTS &#8211; SERIE: HI7010L"},"content":{"rendered":"<p><strong>CARACTER\u00cdSTICAS:<\/strong><\/p>\n<ul>\n<li>Etiqueta con c\u00f3digo de color para facilitar la identificaci\u00f3n del valor de la soluci\u00f3n de calibraci\u00f3n de pH<\/li>\n<li>Exactitud de +\/- 0.01 pH @ 25\u00b0C<\/li>\n<li>Tabla de valores reales de pH a diferentes temperaturas, impresa en cada frasco<\/li>\n<\/ul>\n<p>La HI7010L es una soluci\u00f3n de calibraci\u00f3n de pH 10.01 de primera calidad,\u00a0producido de acuerdo la norma ISO 3696\/BS3978 utilizando sales de alta pureza, agua desionizada, balanzas certificadas y vidrio clase A, en un ambiente de temperatura controlada con term\u00f3metros certificados. Los valores reportados tienen una exactitud de +\/- 0.01 pH @ 25\u00b0C y son trazables a materiales est\u00e1ndares de referencia (SMR) NIST.<\/p>\n<p><strong>Frasco herm\u00e9tico con sello para evitar manipulaciones<\/strong><\/p>\n<ul>\n<li>Garantiza calidad y frescura de la soluci\u00f3n<\/li>\n<\/ul>\n<p><strong>Cada frasco est\u00e1 marcado con n\u00famero de lote y fecha de caducidad.<\/strong><\/p>\n<ul>\n<li>Las soluciones de calibraci\u00f3n de\u00a0<strong>Hanna<\/strong>\u00ae est\u00e1n especialmente formuladas tener una larga duraci\u00f3n de los frascos sin abrir.<\/li>\n<\/ul>\n<p><strong>Etiqueta con c\u00f3digo de color para facilitar la identificaci\u00f3n del valor de la soluci\u00f3n de calibraci\u00f3n de pH<\/strong><\/p>\n<ul>\n<li>Los diferentes valores de las soluciones de calibraci\u00f3n son f\u00e1ciles de identificar<\/li>\n<li>La soluci\u00f3n no contiene ning\u00fan colorante que pueda manchar la celda de referencia del electrodo de pH<\/li>\n<\/ul>\n","protected":false},"excerpt":{"rendered":"<p>La HI7010L es una soluci\u00f3n de calibraci\u00f3n de pH 10.01 de primera calidad. Las soluciones de calibraci\u00f3n de Hanna\u00ae cuentan con el n\u00famero de lote y la fecha de caducidad claramente marcados en la etiqueta, tienen un sello herm\u00e9tico para evitar manipulaciones y asegurar la calidad de la soluci\u00f3n.\u00a0La l\u00ednea de soluciones de calibraci\u00f3n de Hanna\u00ae ha sido especialmente formulada para tener un tiempo de caducidad de 2 a\u00f1os a partir de la fecha de fabricaci\u00f3n del frasco sin abrir.<\/p>\n","protected":false},"featured_media":1305,"comment_status":"open","ping_status":"closed","template":"","meta":[],"product_cat":[35],"product_tag":[],"_links":{"self":[{"href":"https:\/\/presitec.pe\/index.php\/wp-json\/wp\/v2\/product\/1302"}],"collection":[{"href":"https:\/\/presitec.pe\/index.php\/wp-json\/wp\/v2\/product"}],"about":[{"href":"https:\/\/presitec.pe\/index.php\/wp-json\/wp\/v2\/types\/product"}],"replies":[{"embeddable":true,"href":"https:\/\/presitec.pe\/index.php\/wp-json\/wp\/v2\/comments?post=1302"}],"wp:featuredmedia":[{"embeddable":true,"href":"https:\/\/presitec.pe\/index.php\/wp-json\/wp\/v2\/media\/1305"}],"wp:attachment":[{"href":"https:\/\/presitec.pe\/index.php\/wp-json\/wp\/v2\/media?parent=1302"}],"wp:term":[{"taxonomy":"product_cat","embeddable":true,"href":"https:\/\/presitec.pe\/index.php\/wp-json\/wp\/v2\/product_cat?post=1302"},{"taxonomy":"product_tag","embeddable":true,"href":"https:\/\/presitec.pe\/index.php\/wp-json\/wp\/v2\/product_tag?post=1302"}],"curies":[{"name":"wp","href":"https:\/\/api.w.org\/{rel}","templated":true}]}}