{"id":1314,"date":"2024-10-04T18:31:43","date_gmt":"2024-10-04T16:31:43","guid":{"rendered":"https:\/\/presitec.pe\/?post_type=product&#038;p=1314"},"modified":"2025-01-16T15:53:16","modified_gmt":"2025-01-16T14:53:16","slug":"solucion-estandar-de-conductividad-de-1413-hanna-instruments-hi7031l","status":"publish","type":"product","link":"https:\/\/presitec.pe\/index.php\/producto\/solucion-estandar-de-conductividad-de-1413-hanna-instruments-hi7031l\/","title":{"rendered":"SOLUCI\u00d3N EST\u00c1NDAR DE CONDUCTIVIDAD DE 1413 \u00b5S\/cm &#8211; MARCA: HANNA INSTRUMENTS &#8211; SERIE: HI7031L"},"content":{"rendered":"<p><strong>CARACTER\u00cdSTICAS:<\/strong><\/p>\n<ul>\n<li>Tabla de valor real en \u00b5S\/cm a diferentes temperaturas, impresa cada frasco<\/li>\n<li>Frasco herm\u00e9tico con sello a prueba de contaminaci\u00f3n para garantizar su calidad.<\/li>\n<\/ul>\n<p>La HI7031L es una soluci\u00f3n de conductividad de 1413 \u00b5S\/cm de alta calidad, estandarizada con un medidor de conductividad que ha sido calibrado con cloruro de potasio NIST 2202 SRM (Material de Referencia Est\u00e1ndar) \u00a0en agua desionizada para uso anal\u00edtico en concordancia con la norma ISO 3696\/BS3978. El equipo adicional utilizado en la preparaci\u00f3n de las soluciones incluye balanzas certificadas, accesorios de vidrio clase A y term\u00f3metros certificados.<\/p>\n<p><strong>Frasco herm\u00e9tico con sello a prueba de contaminaci\u00f3n<\/strong><\/p>\n<ul>\n<li>Garantiza la calidad y pureza de la soluci\u00f3n<strong>\u00a0<\/strong><\/li>\n<\/ul>\n<p><strong>Cada frasco est\u00e1 marcado con n\u00famero de lote y fecha de caducidad<\/strong><\/p>\n<ul>\n<li>Las soluciones de calibraci\u00f3n de Hanna est\u00e1n formuladas espec\u00edficamente para tener una fecha de caducidad de 5 a\u00f1os despu\u00e9s de la fecha de fabricaci\u00f3n de un frasco sin abrir<\/li>\n<\/ul>\n","protected":false},"excerpt":{"rendered":"<p>El HI7031L es un est\u00e1ndar de conductividad de 1413 \u00b5S\/cm de alta calidad que se prepara contra una soluci\u00f3n de cloruro de potasio trazable al NIST. Las soluciones de conductividad de Hanna tienen el n\u00famero de lote y la fecha de caducidad claramente marcados en la etiqueta y los frascos est\u00e1n herm\u00e9ticamente sellados contra la contaminaci\u00f3n para garantizar su calidad. La l\u00ednea de est\u00e1ndares de conductividad de Hanna ha sido formulada especialmente para tener una vigencia de 5 a\u00f1os a partir de la fecha de fabricaci\u00f3n para una botella sin abrir.<\/p>\n","protected":false},"featured_media":1307,"comment_status":"open","ping_status":"closed","template":"","meta":[],"product_cat":[35],"product_tag":[],"_links":{"self":[{"href":"https:\/\/presitec.pe\/index.php\/wp-json\/wp\/v2\/product\/1314"}],"collection":[{"href":"https:\/\/presitec.pe\/index.php\/wp-json\/wp\/v2\/product"}],"about":[{"href":"https:\/\/presitec.pe\/index.php\/wp-json\/wp\/v2\/types\/product"}],"replies":[{"embeddable":true,"href":"https:\/\/presitec.pe\/index.php\/wp-json\/wp\/v2\/comments?post=1314"}],"wp:featuredmedia":[{"embeddable":true,"href":"https:\/\/presitec.pe\/index.php\/wp-json\/wp\/v2\/media\/1307"}],"wp:attachment":[{"href":"https:\/\/presitec.pe\/index.php\/wp-json\/wp\/v2\/media?parent=1314"}],"wp:term":[{"taxonomy":"product_cat","embeddable":true,"href":"https:\/\/presitec.pe\/index.php\/wp-json\/wp\/v2\/product_cat?post=1314"},{"taxonomy":"product_tag","embeddable":true,"href":"https:\/\/presitec.pe\/index.php\/wp-json\/wp\/v2\/product_tag?post=1314"}],"curies":[{"name":"wp","href":"https:\/\/api.w.org\/{rel}","templated":true}]}}