{"id":1319,"date":"2024-10-04T19:24:30","date_gmt":"2024-10-04T17:24:30","guid":{"rendered":"https:\/\/presitec.pe\/?post_type=product&#038;p=1319"},"modified":"2025-01-16T16:02:50","modified_gmt":"2025-01-16T15:02:50","slug":"solucion-de-limpieza-para-usos-generales-para-electrodo-de-ph-500-ml-hanna-instruments-hi7061l","status":"publish","type":"product","link":"https:\/\/presitec.pe\/index.php\/producto\/solucion-de-limpieza-para-usos-generales-para-electrodo-de-ph-500-ml-hanna-instruments-hi7061l\/","title":{"rendered":"SOLUCI\u00d3N DE LIMPIEZA PARA USOS GENERALES PARA ELECTRODO DE pH (500 mL) &#8211; MARCA: HANNA INSTRUMENTS &#8211; SERIE: HI7061L"},"content":{"rendered":"<p>La causa m\u00e1s com\u00fan de las imprecisiones en la medici\u00f3n del pH es un electrodo sucio o limpiado incorrectamente. Es muy importante tener en cuenta esto, ya que durante la calibraci\u00f3n, el medidor asume que el electrodo est\u00e1 limpio y que la curva de estandarizaci\u00f3n creada durante el proceso de calibraci\u00f3n seguir\u00e1 siendo una referencia v\u00e1lida hasta la siguiente calibraci\u00f3n. Los medidores de pH en el mercado actual permitir\u00e1n un desplazamiento de aproximadamente \u00b1 60 mV. La desviaci\u00f3n de 0 mV es usual, pero idealmente no deber\u00eda ser mayor de \u00b1 30 mV. El proceso de calibraci\u00f3n compensa el cambio en el voltaje. Si el desplazamiento de mV contin\u00faa desvi\u00e1ndose y el medidor se calibra con un electrodo sucio, se obtendr\u00e1n lecturas inexactas.<\/p>\n<p>La limpieza es una rutina r\u00e1pida y efectiva que se debe realizar de forma regular como medida preventiva para evitar el uso de un electrodo sucio y asegurar que la uni\u00f3n no est\u00e9 obstruida. Simplemente sumergiendo el electrodo en la soluci\u00f3n de limpieza HI7061L durante 15 a 20 minutos se disolver\u00e1n los dep\u00f3sitos minerales u otros recubrimientos.<strong>\u00a0<\/strong><\/p>\n<p><strong>Botella herm\u00e9tica con sello a prueba de manipulaciones<\/strong><\/p>\n<p>Garantiza la calidad y la frescura de la soluci\u00f3n<\/p>\n<p><strong>Cada botella marcada con el n\u00famero de lote y fecha de vencimiento.<\/strong><\/p>\n<p>Las soluciones de limpieza Hanna est\u00e1n especialmente formuladas para tener una caducidad de 5 a\u00f1os desde la fabricaci\u00f3n de una botella sin abrir.<\/p>\n","protected":false},"excerpt":{"rendered":"<p>La HI7061L es una soluci\u00f3n de limpieza de uso general para uso con electrodo de pH y ORP que se puede utilizar para una variedad de aplicaciones.<\/p>\n<p>Los electrodos de pH se ensucian con el uso y pueden producir resultados inexactos. Utilice nuestra soluci\u00f3n de limpieza de electrodos de pH de prop\u00f3sito general para prolongar la vida de su electrodo y garantizar lecturas exactas.<\/p>\n<ul>\n<li>Especialmente formulada para limpiar electrodos de pH y ORP<\/li>\n<li>Fecha de vencimiento claramente marcada y n\u00famero de lote para la trazabilidad.<\/li>\n<li>Sello herm\u00e9tico para garantizar la calidad.<\/li>\n<\/ul>\n","protected":false},"featured_media":1321,"comment_status":"open","ping_status":"closed","template":"","meta":[],"product_cat":[35],"product_tag":[],"_links":{"self":[{"href":"https:\/\/presitec.pe\/index.php\/wp-json\/wp\/v2\/product\/1319"}],"collection":[{"href":"https:\/\/presitec.pe\/index.php\/wp-json\/wp\/v2\/product"}],"about":[{"href":"https:\/\/presitec.pe\/index.php\/wp-json\/wp\/v2\/types\/product"}],"replies":[{"embeddable":true,"href":"https:\/\/presitec.pe\/index.php\/wp-json\/wp\/v2\/comments?post=1319"}],"wp:featuredmedia":[{"embeddable":true,"href":"https:\/\/presitec.pe\/index.php\/wp-json\/wp\/v2\/media\/1321"}],"wp:attachment":[{"href":"https:\/\/presitec.pe\/index.php\/wp-json\/wp\/v2\/media?parent=1319"}],"wp:term":[{"taxonomy":"product_cat","embeddable":true,"href":"https:\/\/presitec.pe\/index.php\/wp-json\/wp\/v2\/product_cat?post=1319"},{"taxonomy":"product_tag","embeddable":true,"href":"https:\/\/presitec.pe\/index.php\/wp-json\/wp\/v2\/product_tag?post=1319"}],"curies":[{"name":"wp","href":"https:\/\/api.w.org\/{rel}","templated":true}]}}