{"id":1324,"date":"2024-10-04T19:39:40","date_gmt":"2024-10-04T17:39:40","guid":{"rendered":"https:\/\/presitec.pe\/?post_type=product&#038;p=1324"},"modified":"2025-01-16T16:03:00","modified_gmt":"2025-01-16T15:03:00","slug":"solucion-estandar-de-conductividad-electrica-de-84-frasco-de-500ml-hanna-instruments-hi7033l","status":"publish","type":"product","link":"https:\/\/presitec.pe\/index.php\/producto\/solucion-estandar-de-conductividad-electrica-de-84-frasco-de-500ml-hanna-instruments-hi7033l\/","title":{"rendered":"SOLUCI\u00d3N EST\u00c1NDAR DE CONDUCTIVIDAD EL\u00c9CTRICA DE 84 \u00b5S\/cm (FRASCO DE 500 mL) &#8211; MARCA: HANNA INSTRUMENTS &#8211; SERIE: HI7033L"},"content":{"rendered":"<p>La H7033L es una soluci\u00f3n de conductividad de 84 \u00b5S \/ cm de alta calidad y estandarizada con un medidor de conductividad que ha sido calibrado con cloruro de potasio NIST 2202 SRM (Material de referencia est\u00e1ndar) en agua desionizada para uso anal\u00edtico de acuerdo con ISO 3696 \/ BS3978. El equipo adicional utilizado en la preparaci\u00f3n de las soluciones incluye balanzas certificadas con control de peso, cristaler\u00eda de clase A y term\u00f3metros certificados.<\/p>\n<p><strong>Frasco herm\u00e9tico con sello a prueba de manipulaciones<\/strong><\/p>\n<ul>\n<li>Asegura la calidad y frescura de la soluci\u00f3n.<\/li>\n<\/ul>\n<p><strong>Cada frasco est\u00e1 marcado con el n\u00famero de lote y la fecha de vencimiento<\/strong><\/p>\n<ul>\n<li>Los tampones Hanna est\u00e1n especialmente formulados para tener una caducidad de 5 a\u00f1os a partir de la fecha de fabricaci\u00f3n de un frasco sin abrir.<\/li>\n<\/ul>\n","protected":false},"excerpt":{"rendered":"<p>La HI7033L es una soluci\u00f3n est\u00e1ndar de conductividad de 84 \u00b5S \/ cm de alta calidad que se prepara con una soluci\u00f3n de cloruro de potasio trazable al NIST. Las soluciones de conductividad de Hanna tienen el n\u00famero de lote y la fecha de vencimiento claramente marcados en la etiqueta y el sello es herm\u00e9tico para garantizar la calidad de la soluci\u00f3n. La l\u00ednea de est\u00e1ndares de conductividad de Hanna ha sido especialmente formulada para tener una caducidad de 5 a\u00f1os a partir de la fecha de fabricaci\u00f3n de un frasco sin abrir.<\/p>\n<ul>\n<li>Gr\u00e1fico de temperatura del valor real de \u00b5S \/ cm a varias temperaturas impreso en cada frasco.<\/li>\n<li>Frasco herm\u00e9tico con sello a prueba de manipulaciones para garantizar la calidad.<\/li>\n<\/ul>\n","protected":false},"featured_media":1326,"comment_status":"open","ping_status":"closed","template":"","meta":[],"product_cat":[35],"product_tag":[],"_links":{"self":[{"href":"https:\/\/presitec.pe\/index.php\/wp-json\/wp\/v2\/product\/1324"}],"collection":[{"href":"https:\/\/presitec.pe\/index.php\/wp-json\/wp\/v2\/product"}],"about":[{"href":"https:\/\/presitec.pe\/index.php\/wp-json\/wp\/v2\/types\/product"}],"replies":[{"embeddable":true,"href":"https:\/\/presitec.pe\/index.php\/wp-json\/wp\/v2\/comments?post=1324"}],"wp:featuredmedia":[{"embeddable":true,"href":"https:\/\/presitec.pe\/index.php\/wp-json\/wp\/v2\/media\/1326"}],"wp:attachment":[{"href":"https:\/\/presitec.pe\/index.php\/wp-json\/wp\/v2\/media?parent=1324"}],"wp:term":[{"taxonomy":"product_cat","embeddable":true,"href":"https:\/\/presitec.pe\/index.php\/wp-json\/wp\/v2\/product_cat?post=1324"},{"taxonomy":"product_tag","embeddable":true,"href":"https:\/\/presitec.pe\/index.php\/wp-json\/wp\/v2\/product_tag?post=1324"}],"curies":[{"name":"wp","href":"https:\/\/api.w.org\/{rel}","templated":true}]}}