{"id":1332,"date":"2024-10-04T22:20:32","date_gmt":"2024-10-04T20:20:32","guid":{"rendered":"https:\/\/presitec.pe\/?post_type=product&#038;p=1332"},"modified":"2025-01-16T15:56:25","modified_gmt":"2025-01-16T14:56:25","slug":"estandar-de-calibracion-de-turbidez-de-10-ftu-hanna-instruments-hi93703-10","status":"publish","type":"product","link":"https:\/\/presitec.pe\/index.php\/producto\/estandar-de-calibracion-de-turbidez-de-10-ftu-hanna-instruments-hi93703-10\/","title":{"rendered":"EST\u00c1NDAR DE CALIBRACI\u00d3N DE TURBIDEZ DE 10 FTU &#8211; MARCA: HANNA INSTRUMENTS &#8211; SERIE: HI93703-10"},"content":{"rendered":"<p>El medidor de turbidez HI93703 que cumple con la norma ISO se dise\u00f1\u00f3 para calibrarse de forma rutinaria con un est\u00e1ndar conocido. Como en el caso de todos los est\u00e1ndares anal\u00edticos o materiales de referencia, un est\u00e1ndar de turbidez debe ser apropiado para cada uno de los siguientes aspectos: proporcionar trazabilidad, demostrar la exactitud de los resultados, calibrar el medidor, cumplir con la metodolog\u00eda de medici\u00f3n, medir la eficiencia del equipo, validar las mediciones y facilitar la comparaci\u00f3n de valores. Dicha estandarizaci\u00f3n asegura que cuando se siguen correctamente los procedimientos de medici\u00f3n, el mismo an\u00e1lisis con los mismos materiales producir\u00e1 resultados consistentes entre s\u00ed en cualquier momento en que se realice la medici\u00f3n.<\/p>\n<p>Los est\u00e1ndares de turbidez de Hanna se preparan con materiales certificados AMCO AEPA-1 que son conocidos por tener una alta estabilidad y confiabilidad para estas operaciones. Los est\u00e1ndares AMCO AEPA-1 son suspensiones estabilizadas de microesferas de copol\u00edmero de divinilbenceno estireno en agua ultrapura. Estas microesferas son qu\u00edmicamente inertes y conservan su balance qu\u00edmico en agua sin importar su concentraci\u00f3n. El tama\u00f1o de part\u00edcula, la forma uniforme y el \u00edndice de refracci\u00f3n de estas microesferas los hacen ideales para caracterizar la absorci\u00f3n de luz y su desviaci\u00f3n a 90<sup>\u00b0<\/sup>\u00a0en el intervalo de luz UV-VIS. Adem\u00e1s, la forma de microesferas y su tama\u00f1o ayudan a evitar la acumulaci\u00f3n o la precipitaci\u00f3n del est\u00e1ndar. Por estas razones los est\u00e1ndares AMCO AEPA-1 tienen una estabilidad excepcional.<\/p>\n<p>Este est\u00e1ndar se prepara y se envasa en instalaciones de cuartos limpios. Se mide y se valida su exactitud y estabilidad, adem\u00e1s de certificarse que no contenga ning\u00fan compuesto o sustancia t\u00f3xica. Todos los est\u00e1ndares se comparan con soluciones patr\u00f3n de formazina. Los valores obtenidos y la fecha de prueba se reportan en el certificado de an\u00e1lisis suministrado con los est\u00e1ndares.<\/p>\n<p>El HI93703-10 es un est\u00e1ndar de calibraci\u00f3n de turbidez de alta calidad que permite al usuario validar y calibrar el medidor de turbidez HI93703 que tiene un intervalo de 0 a 1000 FTU. El HI93703-10 incluye una soluci\u00f3n est\u00e1ndar con un valor de 10 FTU. Dicho est\u00e1ndar de calibraci\u00f3n se produce en nuestras instalaciones de \u00faltima tecnolog\u00eda usando materiales de referencia trazables al NIST en un ambiente con temperatura controlada.<\/p>\n<p><strong>Suministrado con certificado de\u00a0an\u00e1lisis<\/strong><\/p>\n<ul>\n<li>N\u00famero de lote<\/li>\n<li>Fecha de caducidad<\/li>\n<li>Valor est\u00e1ndar<\/li>\n<li>Medidor de referencia trazable al NIST<\/li>\n<\/ul>\n<p><strong>Suministrado con estuches protectores<\/strong><\/p>\n<ul>\n<li>Evitan el paso de la luz a los est\u00e1ndares<\/li>\n<li>Los protegen de golpes accidentales<\/li>\n<\/ul>\n<p>El est\u00e1ndar de calibraci\u00f3n HI93703-10 est\u00e1 hecho espec\u00edficamente para usarse con el medidor de turbidez HI93703. El proceso de calibraci\u00f3n es r\u00e1pido y f\u00e1cil.<\/p>\n","protected":false},"excerpt":{"rendered":"<p>El est\u00e1ndar HI93703-10 de 10 FTU para calibraci\u00f3n de turbidez proporciona una soluci\u00f3n sencilla para validar el medidor de turbidez HI93703 que tiene un intervalo de 0 a 1000 FTU. Los est\u00e1ndares de turbidez de Hanna se preparan a partir de materiales de referencia trazables al NIST y vienen con certificado de an\u00e1lisis. El certificado incluye el n\u00famero de lote, valores de referencia y fecha de caducidad para una mayor trazabilidad durante la certificaci\u00f3n del medidor de turbidez.<\/p>\n<ul>\n<li>Suministrado con certificado de an\u00e1lisis<\/li>\n<li>Est\u00e1ndar primario de turbidez AMCO AEPA-1<\/li>\n<li>Reusable con una gran estabilidad durante su larga vida de anaquel<\/li>\n<\/ul>\n","protected":false},"featured_media":1333,"comment_status":"open","ping_status":"closed","template":"","meta":[],"product_cat":[35],"product_tag":[],"_links":{"self":[{"href":"https:\/\/presitec.pe\/index.php\/wp-json\/wp\/v2\/product\/1332"}],"collection":[{"href":"https:\/\/presitec.pe\/index.php\/wp-json\/wp\/v2\/product"}],"about":[{"href":"https:\/\/presitec.pe\/index.php\/wp-json\/wp\/v2\/types\/product"}],"replies":[{"embeddable":true,"href":"https:\/\/presitec.pe\/index.php\/wp-json\/wp\/v2\/comments?post=1332"}],"wp:featuredmedia":[{"embeddable":true,"href":"https:\/\/presitec.pe\/index.php\/wp-json\/wp\/v2\/media\/1333"}],"wp:attachment":[{"href":"https:\/\/presitec.pe\/index.php\/wp-json\/wp\/v2\/media?parent=1332"}],"wp:term":[{"taxonomy":"product_cat","embeddable":true,"href":"https:\/\/presitec.pe\/index.php\/wp-json\/wp\/v2\/product_cat?post=1332"},{"taxonomy":"product_tag","embeddable":true,"href":"https:\/\/presitec.pe\/index.php\/wp-json\/wp\/v2\/product_tag?post=1332"}],"curies":[{"name":"wp","href":"https:\/\/api.w.org\/{rel}","templated":true}]}}