{"id":1334,"date":"2024-10-04T22:46:24","date_gmt":"2024-10-04T20:46:24","guid":{"rendered":"https:\/\/presitec.pe\/?post_type=product&#038;p=1334"},"modified":"2025-01-16T15:57:47","modified_gmt":"2025-01-16T14:57:47","slug":"medidor-multiparametrico-de-ph-orp-ce-od-c-gps-sonda-10-metros-de-cable-115v-hanna-instruments-hi7004l-hi9829-10101","status":"publish","type":"product","link":"https:\/\/presitec.pe\/index.php\/producto\/medidor-multiparametrico-de-ph-orp-ce-od-c-gps-sonda-10-metros-de-cable-115v-hanna-instruments-hi7004l-hi9829-10101\/","title":{"rendered":"MEDIDOR MULTIPARAM\u00c9TRICO DE pH\/ORP, CE, OD, c\/GPS, SONDA DE 10 METROS DE CABLE, 115V &#8211; MARCA HANNA INSTRUMENTS &#8211; SERIE: HI9829"},"content":{"rendered":"<p><strong>Caracter\u00edsticas:<\/strong><\/p>\n<ul>\n<li>Sensor de turbidez reemplazable en campo compatible con ISO 7027 Ion selectivo de Amonio, Cloruro y Nitrato (se venden por separado)<\/li>\n<li>Registro desde el equipo o la sonda<\/li>\n<li>Par\u00e1metros de medici\u00f3n, sonda y sensores completamente personalizables por el usuario<\/li>\n<li>Muestra de uno a doce par\u00e1metros en pantalla<\/li>\n<li>Sensores reemplazables en campo<\/li>\n<li>Sensores de pH\/ORP o pH, sonda de CE de cuatro anillos o CE\/turbidez y sensor galv\u00e1nico de Ox\u00edgeno Disuelto<\/li>\n<li>Auto-reconocimiento de todos los sensores<\/li>\n<li>Sonda resistente con cubierta de acero inoxidable, di\u00e1metro menor de 2\u201d \u00fatil para pozos y tuber\u00edas<\/li>\n<li>Localizaci\u00f3n de puntos de muestreo con GPS (HI9829-1)<\/li>\n<li>Fast Tracker\u2122\u2014Etiquetas Tag I.D. que simplifican el monitoreo peri\u00f3dico<\/li>\n<li>Incorpora un bar\u00f3metro para la compensaci\u00f3n de la concentraci\u00f3n de OD<\/li>\n<li>Calibraci\u00f3n r\u00e1pida o independiente de los sensores<\/li>\n<li>Verificaci\u00f3n de lecturas que elimina las mediciones err\u00f3neas<\/li>\n<li>Los datos registrados se pueden visualizar en forma de gr\u00e1fica<\/li>\n<li>Pantalla gr\u00e1fica LCD con iluminaci\u00f3n<\/li>\n<li>Conexi\u00f3n a PC con puerto USB<\/li>\n<li>Buenas pr\u00e1cticas de Laboratorio (GLP) muestra las \u00faltimas cinco calibraciones de los par\u00e1metros registrados<\/li>\n<li>El medidor acepta bater\u00edas alcalinas y recargables<\/li>\n<li>Protecci\u00f3n impermeable del equipo (IP67) y para las sondas (IP68)<\/li>\n<\/ul>\n","protected":false},"excerpt":{"rendered":"<p>El HI9829 es un medidor port\u00e1til impermeable que mide hasta 14 par\u00e1metros diferentes de la calidad del agua.<\/p>\n<p>El sensor m\u00faltiple con microprocesador permite la medici\u00f3n de par\u00e1metros clave que incluyen al\u00a0 pH, ORP, conductividad, ox\u00edgeno disuelto, turbidez, amonio, cloruro, nitrato y temperatura. La sonda transmite las lecturas de forma digital con opci\u00f3n de registro estando la sonda desconectada del medidor. El GPS opcional proporciona la ubicaci\u00f3n de las mediciones. El sistema completo es muy f\u00e1cil de configurar y de usar. El HI9829 es muy personalizable y se suministra con todos los accesorios necesarios en un estuche r\u00edgido de transporte.<\/p>\n<p>El GPS opcional proporciona la ubicaci\u00f3n de las mediciones.<\/p>\n<p>Los sensores individuales son reemplazables en campo y vienen identificados por color, muy conveniente para las mediciones ambientales, para el trabajo en campo y el an\u00e1lisis de laboratorio.<\/p>\n","protected":false},"featured_media":1335,"comment_status":"open","ping_status":"closed","template":"","meta":[],"product_cat":[37],"product_tag":[],"_links":{"self":[{"href":"https:\/\/presitec.pe\/index.php\/wp-json\/wp\/v2\/product\/1334"}],"collection":[{"href":"https:\/\/presitec.pe\/index.php\/wp-json\/wp\/v2\/product"}],"about":[{"href":"https:\/\/presitec.pe\/index.php\/wp-json\/wp\/v2\/types\/product"}],"replies":[{"embeddable":true,"href":"https:\/\/presitec.pe\/index.php\/wp-json\/wp\/v2\/comments?post=1334"}],"wp:featuredmedia":[{"embeddable":true,"href":"https:\/\/presitec.pe\/index.php\/wp-json\/wp\/v2\/media\/1335"}],"wp:attachment":[{"href":"https:\/\/presitec.pe\/index.php\/wp-json\/wp\/v2\/media?parent=1334"}],"wp:term":[{"taxonomy":"product_cat","embeddable":true,"href":"https:\/\/presitec.pe\/index.php\/wp-json\/wp\/v2\/product_cat?post=1334"},{"taxonomy":"product_tag","embeddable":true,"href":"https:\/\/presitec.pe\/index.php\/wp-json\/wp\/v2\/product_tag?post=1334"}],"curies":[{"name":"wp","href":"https:\/\/api.w.org\/{rel}","templated":true}]}}