{"id":1337,"date":"2024-10-04T23:06:25","date_gmt":"2024-10-04T21:06:25","guid":{"rendered":"https:\/\/presitec.pe\/?post_type=product&#038;p=1337"},"modified":"2025-02-17T17:15:02","modified_gmt":"2025-02-17T16:15:02","slug":"colorimetro-para-cloro-libre-checker-hc-hanna-instruments-hi701","status":"publish","type":"product","link":"https:\/\/presitec.pe\/index.php\/producto\/colorimetro-para-cloro-libre-checker-hc-hanna-instruments-hi701\/","title":{"rendered":"COLOR\u00cdMETRO PARA CLORO LIBRE \u2013 CHECKER\u00ae HC &#8211; MARCA: HANNA INSTRUMENTS &#8211; SERIE: HI701"},"content":{"rendered":"<p><strong>CARACTER\u00cdSTICAS:<\/strong><\/p>\n<ul>\n<li>Nuestro color\u00edmetro es port\u00e1til y se puede transportar f\u00e1cilmente a cualquier lugar que lo necesite.<\/li>\n<li>La operaci\u00f3n de un solo bot\u00f3n hace que sus resultados de cloro libre sean simples.<\/li>\n<li>La f\u00e1cil operaci\u00f3n y los resultados directos hacen que la medici\u00f3n sea r\u00e1pida.<\/li>\n<\/ul>\n<p>El HI701 Checker \u00ae HC (color\u00edmetro de mano) es una manera simple, exacta y rentable de medir el cloro libre. El cloro libre es la forma activa de cloro que se utiliza para la desinfecci\u00f3n del agua potable, piscinas, spas, y el agua de enjuague vegetal. El cloro libre en el agua es da\u00f1ino para las membranas de \u00f3smosis inversa y necesita ser supervisado para removerlo del agua de la fuente antes de ser usado. Dise\u00f1ado como una alternativa m\u00e1s precisa a los kits de pruebas qu\u00edmicas, el HI701 proporciona resultados r\u00e1pidos y exactos en unos sencillos pasos.<\/p>\n<p><strong>Caracter\u00edsticas generales:<\/strong><\/p>\n<ul>\n<li>Para uso con muestras de agua dulce<\/li>\n<li>M\u00e1s f\u00e1cil de usar y m\u00e1s exacto que los kits de pruebas qu\u00edmicas<\/li>\n<li>Dedicado a un solo par\u00e1metro<\/li>\n<li>Tama\u00f1o peque\u00f1o, gran comodidad<\/li>\n<li>Ideal para: calidad del agua, medio ambiente, educaci\u00f3n, piscinas y spas<\/li>\n<\/ul>\n","protected":false},"excerpt":{"rendered":"<p>Obtenga resultados exactos en pruebas de agua con nuestro sencillo color\u00edmetro de mano.<\/p>\n<p>Utilice tecnolog\u00eda m\u00e1s precisa en sus pruebas con nuestro color\u00edmetro de cloro libre. No batalle por determinar los colores visualmente, nuestro color\u00edmetro de mano proporciona un resultado directo y digital de cloro libre, eliminando la necesidad de comparar con una tarjeta de colores.<\/p>\n","protected":false},"featured_media":1338,"comment_status":"open","ping_status":"closed","template":"","meta":[],"product_cat":[37],"product_tag":[],"_links":{"self":[{"href":"https:\/\/presitec.pe\/index.php\/wp-json\/wp\/v2\/product\/1337"}],"collection":[{"href":"https:\/\/presitec.pe\/index.php\/wp-json\/wp\/v2\/product"}],"about":[{"href":"https:\/\/presitec.pe\/index.php\/wp-json\/wp\/v2\/types\/product"}],"replies":[{"embeddable":true,"href":"https:\/\/presitec.pe\/index.php\/wp-json\/wp\/v2\/comments?post=1337"}],"wp:featuredmedia":[{"embeddable":true,"href":"https:\/\/presitec.pe\/index.php\/wp-json\/wp\/v2\/media\/1338"}],"wp:attachment":[{"href":"https:\/\/presitec.pe\/index.php\/wp-json\/wp\/v2\/media?parent=1337"}],"wp:term":[{"taxonomy":"product_cat","embeddable":true,"href":"https:\/\/presitec.pe\/index.php\/wp-json\/wp\/v2\/product_cat?post=1337"},{"taxonomy":"product_tag","embeddable":true,"href":"https:\/\/presitec.pe\/index.php\/wp-json\/wp\/v2\/product_tag?post=1337"}],"curies":[{"name":"wp","href":"https:\/\/api.w.org\/{rel}","templated":true}]}}