{"id":1339,"date":"2024-10-04T23:12:34","date_gmt":"2024-10-04T21:12:34","guid":{"rendered":"https:\/\/presitec.pe\/?post_type=product&#038;p=1339"},"modified":"2025-02-17T17:17:25","modified_gmt":"2025-02-17T16:17:25","slug":"medidor-portatil-de-turbidez-compatible-con-iso-con-accesorios-hanna-instruments-hi93703c","status":"publish","type":"product","link":"https:\/\/presitec.pe\/index.php\/producto\/medidor-portatil-de-turbidez-compatible-con-iso-con-accesorios-hanna-instruments-hi93703c\/","title":{"rendered":"MEDIDOR PORT\u00c1TIL DE TURBIDEZ COMPATIBLE CON ISO (CON ACCESORIOS) &#8211; MARCA: HANNA INSTRUMENTS &#8211; SERIE: HI93703C"},"content":{"rendered":"<p><strong>CARACTER\u00cdSTICAS:<\/strong><\/p>\n<ul>\n<li>Calibraci\u00f3n de hasta tres puntos<\/li>\n<li>Sistema de aseguramiento de la celda<\/li>\n<li>Teclado resistente al agua<\/li>\n<\/ul>\n<p>El medidor port\u00e1til de turbidez HI93703 est\u00e1 especialmente dise\u00f1ado para mediciones de la calidad del agua, proporcionando lecturas confiables y exactas, incluso dentro de los intervalos de baja turbidez. El instrumento se basa en un sistema \u00f3ptico de vanguardia que garantiza resultados exactos, asegura estabilidad a largo plazo y minimiza la luz desviada y las interferencias de color. La calibraci\u00f3n peri\u00f3dica con los est\u00e1ndares suministrados compensa cualquier variaci\u00f3n en la intensidad de la l\u00e1mpara de tungsteno. Las celdas redondas de 25 mm de vidrio \u00f3ptico especial garantizan la repetibilidad de las mediciones de turbidez.<\/p>\n<p><strong>Caracter\u00edsticas generales:<\/strong><\/p>\n<p>Dise\u00f1o simple de haz: el HI93703 mide la turbidez usando un detector de luz a 90\u00b0 para la detecci\u00f3n de luz dispersa. Las mediciones de turbidez pueden realizarse en el intervalo de 0.00 a 1000 FTU.<\/p>\n<p><strong>Cumplimiento de ISO<\/strong>\u00a0\u2013 El HI93703 cumple y excede los requisitos del m\u00e9todo ISO 7027 para mediciones de turbidez mediante el uso de una fuente de luz LED infrarroja. Como este medidor ha sido dise\u00f1ado para seguir este m\u00e9todo ISO, las unidades se muestran en FTU (unidad de turbidez formacina); FTU es equivalente a la otra unidad internacionalmente reconocida de NTU (unidad nefelom\u00e9trica de turbidez).<\/p>\n<p><strong>Calibraci\u00f3n<\/strong>\u00a0\u2013 El HI93703 tiene una potente funci\u00f3n de calibraci\u00f3n que compensa la variaci\u00f3n en la intensidad de la luz. La calibraci\u00f3n puede realizarse utilizando las soluciones de calibraci\u00f3n suministradas o con est\u00e1ndares preparados por el usuario. Se puede realizar una calibraci\u00f3n de turbidez de dos o tres puntos utilizando las normas suministradas (0, 10 y 500 FTU).<\/p>\n<p><strong>Est\u00e1ndar primario\u00a0 de turbidez AMCO AEPA-1<\/strong>\u00a0 \u2013 Los est\u00e1ndares suministrados por AMCO AEPA-1 son reconocidos como un est\u00e1ndar primario por la USEPA. Estos est\u00e1ndares no son t\u00f3xicos y est\u00e1n hechos de esferas de pol\u00edmero estireno divinilbenceno, que son uniformes en tama\u00f1o y densidad. Los est\u00e1ndares son reutilizables y estables, con una larga vida \u00fatil.<\/p>\n<p><strong>\u00daltima fecha de calibraci\u00f3n<\/strong>\u00a0\u2013 El HI93703 permite al usuario almacenar la \u00faltima fecha de calibraci\u00f3n. La recuperaci\u00f3n de la \u00faltima fecha de calibraci\u00f3n es sencilla, solamente necesita apretar el bot\u00f3n \u201cDATE\u201d que se encuentra en la parte delantera del medidor.<\/p>\n<p><strong>Indicador de bater\u00eda baja<\/strong>\u00a0\u2013 La indicaci\u00f3n \u201cLO BAT\u201d aparecer\u00e1 en la esquina inferior derecha de la pantalla cuando las bater\u00edas est\u00e9n bajas y necesiten ser reemplazadas. En este punto, el instrumento todav\u00eda puede realizar aproximadamente 50 mediciones. Cuando la bater\u00eda est\u00e1 demasiado baja para realizar mediciones confiables, aparecer\u00e1 un mensaje y el medidor se apagar\u00e1 autom\u00e1ticamente.<\/p>\n<p><strong>El HI93703C est\u00e1 disponible como un kit, el cual incluye:<\/strong><\/p>\n<p>Medidor port\u00e1til de turbidez<\/p>\n<p>Celdas para muestra (2)<\/p>\n<p>Tapas (2)<\/p>\n<p>Bater\u00edas (4 x AA de 1.5 V) y manual de instrucciones<\/p>\n<p>Soluciones de calibraci\u00f3n de turbidez HI93703-0 (0 FTU), HI93703-10 (10 FTU) y HI93703-05 (500 FTU).<\/p>\n<p>Pa\u00f1o para limpiar celdas<\/p>\n<p>Estuche resistente<\/p>\n<p>Los est\u00e1ndares HI93703 AMCO AEPA-1 aseguran que las mediciones son trazables a materiales de referencia primarios. Estos est\u00e1ndares se utilizan para la calibraci\u00f3n y verificaci\u00f3n del rendimiento del medidor de turbidez.<\/p>\n<p><strong>Se suministran en estuches<\/strong><\/p>\n<ul>\n<li>Ligeros<\/li>\n<li>Protegen a los est\u00e1ndares contra roturas accidentales<\/li>\n<\/ul>\n","protected":false},"excerpt":{"rendered":"<p>El \u00a0HI93703 es un medidor de turbidez de alta exactitud, utilizado para determinar la turbidez del agua y las aguas residuales con alta exactitud tanto en el campo como en el laboratorio. El medidor se suministra con los est\u00e1ndares primarios de turbidez AMCO-AEPA-1 utilizados para la calibraci\u00f3n y la verificaci\u00f3n del rendimiento del medidor. El HI93703 cumple y supera los requisitos del m\u00e9todo ISO 7027 para mediciones de turbidez.<\/p>\n","protected":false},"featured_media":1340,"comment_status":"open","ping_status":"closed","template":"","meta":[],"product_cat":[37],"product_tag":[],"_links":{"self":[{"href":"https:\/\/presitec.pe\/index.php\/wp-json\/wp\/v2\/product\/1339"}],"collection":[{"href":"https:\/\/presitec.pe\/index.php\/wp-json\/wp\/v2\/product"}],"about":[{"href":"https:\/\/presitec.pe\/index.php\/wp-json\/wp\/v2\/types\/product"}],"replies":[{"embeddable":true,"href":"https:\/\/presitec.pe\/index.php\/wp-json\/wp\/v2\/comments?post=1339"}],"wp:featuredmedia":[{"embeddable":true,"href":"https:\/\/presitec.pe\/index.php\/wp-json\/wp\/v2\/media\/1340"}],"wp:attachment":[{"href":"https:\/\/presitec.pe\/index.php\/wp-json\/wp\/v2\/media?parent=1339"}],"wp:term":[{"taxonomy":"product_cat","embeddable":true,"href":"https:\/\/presitec.pe\/index.php\/wp-json\/wp\/v2\/product_cat?post=1339"},{"taxonomy":"product_tag","embeddable":true,"href":"https:\/\/presitec.pe\/index.php\/wp-json\/wp\/v2\/product_tag?post=1339"}],"curies":[{"name":"wp","href":"https:\/\/api.w.org\/{rel}","templated":true}]}}