{"id":897,"date":"2024-04-11T23:16:51","date_gmt":"2024-04-11T21:16:51","guid":{"rendered":"https:\/\/presitec.pe\/?post_type=product&#038;p=897"},"modified":"2025-01-15T21:53:54","modified_gmt":"2025-01-15T20:53:54","slug":"balanza-de-camiones-marca-rice-lake","status":"publish","type":"product","link":"https:\/\/presitec.pe\/index.php\/producto\/balanza-de-camiones-marca-rice-lake\/","title":{"rendered":"BALANZA DE CAMIONES &#8211; MARCA: RICE LAKE"},"content":{"rendered":"<p><img decoding=\"async\" class=\"alignnone size-full wp-image-899\" src=\"https:\/\/presitec.pe\/wp-content\/uploads\/2024\/04\/rice-lake-1.jpg\" alt=\"\" width=\"300\" height=\"90\" \/><\/p>\n<p><strong>CARACTERISTICAS:<\/strong><\/p>\n<ul>\n<li>Acceso superior a las celdas de carga y la caja de uni\u00f3n<\/li>\n<li>Celdas de carga de capacidad de 75,000 lb y ensamblajes de montaje G-Force\u2122<\/li>\n<li>Caja(s) de uni\u00f3n apropiada(s) para la cantidad de celdas de carga utilizadas<\/li>\n<li>Certificaci\u00f3n NTEP 02-003<\/li>\n<li>Capacidad de Carga Concentrada (CLC) de 100,000 lb<\/li>\n<li>Eje de T\u00e1ndem Dual (DTA) de 100,000 lb<\/li>\n<li>Hasta 270,000 lb de capacidad completa de b\u00e1scula<\/li>\n<li>Plataforma de concreto de grueso de 6\u201d<\/li>\n<li>Tres anchos est\u00e1ndares: 10 ft, 11 ft y 12 ft (disponible hasta 16.5 ft con certificaci\u00f3n NTEP)<\/li>\n<\/ul>\n<p align=\"justify\">Dise\u00f1ada y construida a los est\u00e1ndares de puentes federales, la plataforma de acero reforzada de 6\u201d de grueso de la OTR encaja cientos de clavos de cizalla de \u00be\u201d soldados a las vigas tipo I de 6\u201d, creando una plataforma de pesaje r\u00edgida de 12\u201d de grueso. El dise\u00f1o de la plataforma de concreto incorpora planchas de acero galvanizado, trabajando conjuntamente con las vigas tipo I para asegurar que el concreto permanezca sobre el eje neutral de la plataforma de pesaje. El concreto funciona mejor cuando permanece sobre el eje neutral en una aplicaci\u00f3n de compresi\u00f3n. La flexi\u00f3n debida a la tensi\u00f3n de la carga puede da\u00f1ar cualquier concreto que extiende bajo el eje neutral. Las eventuales fisuras causadas por esta flexi\u00f3n pueden provocar el deterioro de la plataforma y el eventual fracaso de la b\u00e1scula.<\/p>\n","protected":false},"excerpt":{"rendered":"<p align=\"justify\">La OTR Plataforma de Concreto es bien adecuada para resistir la corrosi\u00f3n y la oxidaci\u00f3n, y generalmente requiere menos mantenimiento que las plataformas de acero, ayudando a extender la vida de la b\u00e1scula. Una superficie de concreto tambi\u00e9n produce una mayor tracci\u00f3n en las condiciones h\u00e9medas y secas. Debido a su dise\u00f1o, las plataformas de concreto distribuyen la carga sobre un \u00e1rea m\u00e1s amplia que las plataformas de acero, las plataformas de concreto est\u00e1n construidas en situ y t\u00edpicamente tienen una fuerza de curado de 4,000 PSI en 28 d\u00edas. El concreto es un reforzado con barras de acero y una m\u00ednima de dos vigas principales de brida amplia y siete vigas de brida amplia abajo.<\/p>\n","protected":false},"featured_media":898,"comment_status":"open","ping_status":"closed","template":"","meta":[],"product_cat":[25],"product_tag":[],"_links":{"self":[{"href":"https:\/\/presitec.pe\/index.php\/wp-json\/wp\/v2\/product\/897"}],"collection":[{"href":"https:\/\/presitec.pe\/index.php\/wp-json\/wp\/v2\/product"}],"about":[{"href":"https:\/\/presitec.pe\/index.php\/wp-json\/wp\/v2\/types\/product"}],"replies":[{"embeddable":true,"href":"https:\/\/presitec.pe\/index.php\/wp-json\/wp\/v2\/comments?post=897"}],"wp:featuredmedia":[{"embeddable":true,"href":"https:\/\/presitec.pe\/index.php\/wp-json\/wp\/v2\/media\/898"}],"wp:attachment":[{"href":"https:\/\/presitec.pe\/index.php\/wp-json\/wp\/v2\/media?parent=897"}],"wp:term":[{"taxonomy":"product_cat","embeddable":true,"href":"https:\/\/presitec.pe\/index.php\/wp-json\/wp\/v2\/product_cat?post=897"},{"taxonomy":"product_tag","embeddable":true,"href":"https:\/\/presitec.pe\/index.php\/wp-json\/wp\/v2\/product_tag?post=897"}],"curies":[{"name":"wp","href":"https:\/\/api.w.org\/{rel}","templated":true}]}}