{"id":900,"date":"2024-04-11T23:40:50","date_gmt":"2024-04-11T21:40:50","guid":{"rendered":"https:\/\/presitec.pe\/?post_type=product&#038;p=900"},"modified":"2025-01-15T21:54:39","modified_gmt":"2025-01-15T20:54:39","slug":"balanza-de-camion-marca-hbm","status":"publish","type":"product","link":"https:\/\/presitec.pe\/index.php\/producto\/balanza-de-camion-marca-hbm\/","title":{"rendered":"BALANZA DE CAMI\u00d3N &#8211; MARCA: HBM"},"content":{"rendered":"<p><img decoding=\"async\" class=\"alignnone wp-image-902\" src=\"https:\/\/presitec.pe\/wp-content\/uploads\/2024\/04\/HBM.jpg\" alt=\"\" width=\"162\" height=\"158\" \/><\/p>\n<p><strong>CARACTERISTICAS:<\/strong><\/p>\n<ul>\n<li>Sistema an\u00e1logico \/ digital.<\/li>\n<li>Largo: 12 m, 15 m, 18 m, 21 m, etc<\/li>\n<li>Ancho: 3.0 m, 3.2 m. 3.4 m, etc<\/li>\n<\/ul>\n<p><strong>CAPACIDADES:<\/strong><\/p>\n<ul>\n<li>Desde 20 t hasta 200 t.<\/li>\n<\/ul>\n","protected":false},"excerpt":{"rendered":"<p>Componentes electr\u00f3nicos con tecnolog\u00eda alemana. Estructuras met\u00e1licas de fabricaci\u00f3n nacional. Plataformas simple, ejes o multiplataforma. Sistema de pesaje para conocer la distribuci\u00f3n de los ejes y as\u00ed evitar multas por sobrecarga. Incluye topes de impacto para amortiguar el ingreso de los camiones. Incluyendo plano (Si el cliente ejecuta la obr civil, adem\u00e1s de 1 sup\u00e9rvisor de obra)<\/p>\n","protected":false},"featured_media":901,"comment_status":"open","ping_status":"closed","template":"","meta":[],"product_cat":[25],"product_tag":[],"_links":{"self":[{"href":"https:\/\/presitec.pe\/index.php\/wp-json\/wp\/v2\/product\/900"}],"collection":[{"href":"https:\/\/presitec.pe\/index.php\/wp-json\/wp\/v2\/product"}],"about":[{"href":"https:\/\/presitec.pe\/index.php\/wp-json\/wp\/v2\/types\/product"}],"replies":[{"embeddable":true,"href":"https:\/\/presitec.pe\/index.php\/wp-json\/wp\/v2\/comments?post=900"}],"wp:featuredmedia":[{"embeddable":true,"href":"https:\/\/presitec.pe\/index.php\/wp-json\/wp\/v2\/media\/901"}],"wp:attachment":[{"href":"https:\/\/presitec.pe\/index.php\/wp-json\/wp\/v2\/media?parent=900"}],"wp:term":[{"taxonomy":"product_cat","embeddable":true,"href":"https:\/\/presitec.pe\/index.php\/wp-json\/wp\/v2\/product_cat?post=900"},{"taxonomy":"product_tag","embeddable":true,"href":"https:\/\/presitec.pe\/index.php\/wp-json\/wp\/v2\/product_tag?post=900"}],"curies":[{"name":"wp","href":"https:\/\/api.w.org\/{rel}","templated":true}]}}