{"id":903,"date":"2024-04-11T23:58:30","date_gmt":"2024-04-11T21:58:30","guid":{"rendered":"https:\/\/presitec.pe\/?post_type=product&#038;p=903"},"modified":"2025-01-15T21:55:14","modified_gmt":"2025-01-15T20:55:14","slug":"balanza-sobremesa-marca-ohaus","status":"publish","type":"product","link":"https:\/\/presitec.pe\/index.php\/producto\/balanza-sobremesa-marca-ohaus\/","title":{"rendered":"BALANZA SOBREMESA &#8211; MARCA: OHAUS"},"content":{"rendered":"<p><img decoding=\"async\" class=\"alignnone wp-image-302\" src=\"https:\/\/presitec.pe\/wp-content\/uploads\/2024\/03\/logo8-300x154.jpg\" alt=\"\" width=\"257\" height=\"122\" \/><\/p>\n<p><strong>CARACTERISTICAS:<\/strong><\/p>\n<ul>\n<li>El dise\u00f1o con certificaci\u00f3n NSF admite el uso en sistemas HACCP con carcasa resistente ABS y plato de acero inoxidable extra\u00edble, lo que hace que la serie valor 1000 sea adecuada para aplicaciones de preparaci\u00f3n de alimentos y porcionado.<\/li>\n<li>Ahorre dinero en bater\u00edas<\/li>\n<li>Un dise\u00f1o energ\u00e9ticamente eficiente permite su funcionamiento durante un a\u00f1o o un m\u00e1ximo de 1500 horas.<\/li>\n<li>Su funcionamiento intuitivo con dos teclas permite una comprobaci\u00f3n r\u00e1pida del peso para simplificar las operaciones repetititvas y aumentar la eficiencia del operador.<\/li>\n<\/ul>\n","protected":false},"excerpt":{"rendered":"<p align=\"justify\">Balanza fiable y apta para alimentos en entornos secos con un dise\u00f1o apto para el sector alimentario y que cuenta con la certificaci\u00f3n NSF y es compatible con el sistema HACCP, la serie Valor 1000 es una opci\u00f3n fiable para el pesaje de alimentos en general. De uso sencillo, las balanzas Valor 1000 ofrecen un funcionamiento con dos teclas, una gran pantalla LCD retroiluminada y una vida \u00fatil de la bater\u00eda de hasta 1500 horas.<\/p>\n","protected":false},"featured_media":904,"comment_status":"open","ping_status":"closed","template":"","meta":[],"product_cat":[28],"product_tag":[],"_links":{"self":[{"href":"https:\/\/presitec.pe\/index.php\/wp-json\/wp\/v2\/product\/903"}],"collection":[{"href":"https:\/\/presitec.pe\/index.php\/wp-json\/wp\/v2\/product"}],"about":[{"href":"https:\/\/presitec.pe\/index.php\/wp-json\/wp\/v2\/types\/product"}],"replies":[{"embeddable":true,"href":"https:\/\/presitec.pe\/index.php\/wp-json\/wp\/v2\/comments?post=903"}],"wp:featuredmedia":[{"embeddable":true,"href":"https:\/\/presitec.pe\/index.php\/wp-json\/wp\/v2\/media\/904"}],"wp:attachment":[{"href":"https:\/\/presitec.pe\/index.php\/wp-json\/wp\/v2\/media?parent=903"}],"wp:term":[{"taxonomy":"product_cat","embeddable":true,"href":"https:\/\/presitec.pe\/index.php\/wp-json\/wp\/v2\/product_cat?post=903"},{"taxonomy":"product_tag","embeddable":true,"href":"https:\/\/presitec.pe\/index.php\/wp-json\/wp\/v2\/product_tag?post=903"}],"curies":[{"name":"wp","href":"https:\/\/api.w.org\/{rel}","templated":true}]}}