{"id":905,"date":"2024-04-12T00:25:28","date_gmt":"2024-04-11T22:25:28","guid":{"rendered":"https:\/\/presitec.pe\/?post_type=product&#038;p=905"},"modified":"2025-01-15T21:56:31","modified_gmt":"2025-01-15T20:56:31","slug":"balanza-modelo-jcn-jadever-sin-torre","status":"publish","type":"product","link":"https:\/\/presitec.pe\/index.php\/producto\/balanza-modelo-jcn-jadever-sin-torre\/","title":{"rendered":"BALANZA &#8211; MARCA: JADEVER &#8211; MODELO: JCN &#8211; SIN TORRE"},"content":{"rendered":"<p><img decoding=\"async\" class=\"alignnone wp-image-296\" src=\"https:\/\/presitec.pe\/wp-content\/uploads\/2024\/03\/logo2-300x154.jpg\" alt=\"\" width=\"231\" height=\"115\" \/><\/p>\n<p><strong>CARACTERISTICAS:<\/strong><\/p>\n<ul>\n<li>Balanza comercial con capacidad de: 15kg. x 1g \/ 30 kg\u00a0 2 g.<\/li>\n<li>Display tipo LCD, con back light para iluminaci\u00f3n en ambientes oscuros<\/li>\n<li>Calibraci\u00f3n simple y calibraci\u00f3n lineal<\/li>\n<li>Resoluci\u00f3n de 1\/15000<\/li>\n<li>Memoria para el peso unitario de 20productos,<\/li>\n<li>Funci\u00f3n de acumulaci\u00f3n<\/li>\n<li>Carcasa en ABS, con platillo de pesaje en acero inoxidable,<\/li>\n<li>Sistema de protecci\u00f3n para transporte<\/li>\n<li>Platillo de pesaje de 29.4cm. x 22.8cm.<\/li>\n<\/ul>\n","protected":false},"excerpt":{"rendered":"<p align=\"justify\">Ideal para aplicaciones en producci\u00f3n, empaque, inventario, envi\u00f3 y recpeci\u00f3n Alimentaci\u00f3n: Adaptador DC Temperatura de trabajo: 5\u00b0C a 40\u00b0C, Suministro de energ\u00eda: 220VAC. Bater\u00eda interna recargable de 90 horas duraci\u00f3n por ciclo con salida serial RS-232 para comunicaci\u00f3n con Impresora o PC id:14<\/p>\n","protected":false},"featured_media":906,"comment_status":"open","ping_status":"closed","template":"","meta":[],"product_cat":[28],"product_tag":[],"_links":{"self":[{"href":"https:\/\/presitec.pe\/index.php\/wp-json\/wp\/v2\/product\/905"}],"collection":[{"href":"https:\/\/presitec.pe\/index.php\/wp-json\/wp\/v2\/product"}],"about":[{"href":"https:\/\/presitec.pe\/index.php\/wp-json\/wp\/v2\/types\/product"}],"replies":[{"embeddable":true,"href":"https:\/\/presitec.pe\/index.php\/wp-json\/wp\/v2\/comments?post=905"}],"wp:featuredmedia":[{"embeddable":true,"href":"https:\/\/presitec.pe\/index.php\/wp-json\/wp\/v2\/media\/906"}],"wp:attachment":[{"href":"https:\/\/presitec.pe\/index.php\/wp-json\/wp\/v2\/media?parent=905"}],"wp:term":[{"taxonomy":"product_cat","embeddable":true,"href":"https:\/\/presitec.pe\/index.php\/wp-json\/wp\/v2\/product_cat?post=905"},{"taxonomy":"product_tag","embeddable":true,"href":"https:\/\/presitec.pe\/index.php\/wp-json\/wp\/v2\/product_tag?post=905"}],"curies":[{"name":"wp","href":"https:\/\/api.w.org\/{rel}","templated":true}]}}