{"id":911,"date":"2024-04-12T01:02:38","date_gmt":"2024-04-11T23:02:38","guid":{"rendered":"https:\/\/presitec.pe\/?post_type=product&#038;p=911"},"modified":"2025-01-15T21:59:20","modified_gmt":"2025-01-15T20:59:20","slug":"balanza-comercial-kok-30v-10kg","status":"publish","type":"product","link":"https:\/\/presitec.pe\/index.php\/producto\/balanza-comercial-kok-30v-10kg\/","title":{"rendered":"BALANZA COMERCIAL KOK-30V-10KG"},"content":{"rendered":"","protected":false},"excerpt":{"rendered":"<p align=\"justify\">Nuestras balanzas contadoras est\u00e1n dise\u00f1adas para ofrecerte una forma r\u00e1pida y confiable de contar tus productos de manera autom\u00e1tica. Con la capacidad de contar piezas peque\u00f1as y grandes, nuestras balanzas son ideales para una amplia variedad de industrias, incluyendo la alimentaria, la farmac\u00e9utica y la electr\u00f3nica. Con una precisi\u00f3n de conteo excepcional y una pantalla f\u00e1cil de leer, nuestras balanzas contadoras hacen que el proceso de conteo sea r\u00e1pido y sin errores. Adem\u00e1s, su dise\u00f1o compacto y duradero significa que pueden soportar el uso diario en entornos industriales.<\/p>\n","protected":false},"featured_media":912,"comment_status":"open","ping_status":"closed","template":"","meta":[],"product_cat":[21],"product_tag":[],"_links":{"self":[{"href":"https:\/\/presitec.pe\/index.php\/wp-json\/wp\/v2\/product\/911"}],"collection":[{"href":"https:\/\/presitec.pe\/index.php\/wp-json\/wp\/v2\/product"}],"about":[{"href":"https:\/\/presitec.pe\/index.php\/wp-json\/wp\/v2\/types\/product"}],"replies":[{"embeddable":true,"href":"https:\/\/presitec.pe\/index.php\/wp-json\/wp\/v2\/comments?post=911"}],"wp:featuredmedia":[{"embeddable":true,"href":"https:\/\/presitec.pe\/index.php\/wp-json\/wp\/v2\/media\/912"}],"wp:attachment":[{"href":"https:\/\/presitec.pe\/index.php\/wp-json\/wp\/v2\/media?parent=911"}],"wp:term":[{"taxonomy":"product_cat","embeddable":true,"href":"https:\/\/presitec.pe\/index.php\/wp-json\/wp\/v2\/product_cat?post=911"},{"taxonomy":"product_tag","embeddable":true,"href":"https:\/\/presitec.pe\/index.php\/wp-json\/wp\/v2\/product_tag?post=911"}],"curies":[{"name":"wp","href":"https:\/\/api.w.org\/{rel}","templated":true}]}}