{"id":917,"date":"2024-04-12T01:12:59","date_gmt":"2024-04-11T23:12:59","guid":{"rendered":"https:\/\/presitec.pe\/?post_type=product&#038;p=917"},"modified":"2025-01-15T22:00:29","modified_gmt":"2025-01-15T21:00:29","slug":"balanza-comercial-kdt-21","status":"publish","type":"product","link":"https:\/\/presitec.pe\/index.php\/producto\/balanza-comercial-kdt-21\/","title":{"rendered":"BALANZA COMERCIAL KDT-21"},"content":{"rendered":"<p align=\"justify\">Nuestras balanzas contadoras est\u00e1n dise\u00f1adas para ofrecerte una forma r\u00e1pida y confiable de contar tus productos de manera autom\u00e1tica. Con la capacidad de contar piezas peque\u00f1as y grandes, nuestras balanzas son ideales para una amplia variedad de industrias, incluyendo la alimentaria, la farmac\u00e9utica y la electr\u00f3nica. Con una precisi\u00f3n de conteo excepcional y una pantalla f\u00e1cil de leer, nuestras balanzas contadoras hacen que el proceso de conteo sea r\u00e1pido y sin errores. Adem\u00e1s, su dise\u00f1o compacto y duradero significa que pueden soportar el uso diario en entornos industriales.<\/p>\n","protected":false},"excerpt":{"rendered":"<p>CARACTERISTICAS:<\/p>\n<ul>\n<li>Capacidad: 30kg.<\/li>\n<li>Divisi\u00f3n: 10g.<\/li>\n<li>Memorias: 5<\/li>\n<li>Bater\u00eda: 4v\/4ah<\/li>\n<li>Alto: 10.5cm.<\/li>\n<li>Ancho: 35cm.<\/li>\n<li>Lateral: 33cm.<\/li>\n<li>Pantalla: LCD verde<\/li>\n<li>Caja por: 10 Und.<\/li>\n<\/ul>\n","protected":false},"featured_media":918,"comment_status":"open","ping_status":"closed","template":"","meta":[],"product_cat":[21],"product_tag":[],"_links":{"self":[{"href":"https:\/\/presitec.pe\/index.php\/wp-json\/wp\/v2\/product\/917"}],"collection":[{"href":"https:\/\/presitec.pe\/index.php\/wp-json\/wp\/v2\/product"}],"about":[{"href":"https:\/\/presitec.pe\/index.php\/wp-json\/wp\/v2\/types\/product"}],"replies":[{"embeddable":true,"href":"https:\/\/presitec.pe\/index.php\/wp-json\/wp\/v2\/comments?post=917"}],"wp:featuredmedia":[{"embeddable":true,"href":"https:\/\/presitec.pe\/index.php\/wp-json\/wp\/v2\/media\/918"}],"wp:attachment":[{"href":"https:\/\/presitec.pe\/index.php\/wp-json\/wp\/v2\/media?parent=917"}],"wp:term":[{"taxonomy":"product_cat","embeddable":true,"href":"https:\/\/presitec.pe\/index.php\/wp-json\/wp\/v2\/product_cat?post=917"},{"taxonomy":"product_tag","embeddable":true,"href":"https:\/\/presitec.pe\/index.php\/wp-json\/wp\/v2\/product_tag?post=917"}],"curies":[{"name":"wp","href":"https:\/\/api.w.org\/{rel}","templated":true}]}}