{"id":926,"date":"2024-04-12T18:00:44","date_gmt":"2024-04-12T16:00:44","guid":{"rendered":"https:\/\/presitec.pe\/?post_type=product&#038;p=926"},"modified":"2025-01-15T22:03:05","modified_gmt":"2025-01-15T21:03:05","slug":"balanza-de-precision-serie-ek-800-compacta-para-laboratorio","status":"publish","type":"product","link":"https:\/\/presitec.pe\/index.php\/producto\/balanza-de-precision-serie-ek-800-compacta-para-laboratorio\/","title":{"rendered":"BALANZA DE PRECISI\u00d3N &#8211; MARCA: JADEVER &#8211; MODELO: EK 800 &#8211; COMPACTA PARA LABORATORIO"},"content":{"rendered":"<p><img decoding=\"async\" class=\"alignnone wp-image-296\" src=\"https:\/\/presitec.pe\/wp-content\/uploads\/2024\/03\/logo2-300x154.jpg\" alt=\"\" width=\"251\" height=\"129\" srcset=\"https:\/\/presitec.pe\/wp-content\/uploads\/2024\/03\/logo2-300x154.jpg 300w, https:\/\/presitec.pe\/wp-content\/uploads\/2024\/03\/logo2.jpg 350w\" sizes=\"(max-width: 251px) 100vw, 251px\" \/><\/p>\n<div class=\"elementor-element elementor-element-fb98e66 elementor-widget elementor-widget-woocommerce-product-data-tabs\" data-id=\"fb98e66\" data-element_type=\"widget\" data-widget_type=\"woocommerce-product-data-tabs.default\">\n<div class=\"elementor-widget-container\">\n<div class=\"woocommerce-tabs wc-tabs-wrapper\">\n<div id=\"tab-description\" class=\"woocommerce-Tabs-panel woocommerce-Tabs-panel--description panel entry-content wc-tab\" role=\"tabpanel\" aria-labelledby=\"tab-title-description\">\n<p align=\"justify\">ECumple con los requerimientos dentro de los laboratorios, ofreciendo resultados m\u00e1s exactos, y lectura m\u00e1s f\u00e1cil. Es indispensable saber las funciones que ofrecen las balanzas que se adec\u00faen a los requerimientos de los laboratorios, y para ello, se debe tomar en cuenta, el dise\u00f1o, tama\u00f1o, capacidades de calibraci\u00f3n, capacidad de pesaje, unidades de pesaje (grs., Kg. y\/o lbs.), margen de error y durabilidad de la bater\u00eda. En funci\u00f3n a ello, la balanza anal\u00edtica, cumple con los requerimientos dentro de los laboratorios, ofreciendo resultados m\u00e1s exactos, y lectura m\u00e1s f\u00e1cil.<\/p>\n<\/div>\n<\/div>\n<\/div>\n<\/div>\n<div class=\"elementor-element elementor-element-8873314 elementor-widget elementor-widget-heading\" data-id=\"8873314\" data-element_type=\"widget\" data-widget_type=\"heading.default\">\n<div class=\"elementor-widget-container\"><\/div>\n<\/div>\n<p>&nbsp;<\/p>\n<p>&nbsp;<\/p>\n","protected":false},"excerpt":{"rendered":"<p><strong>CARACTERISTICAS:<\/strong><\/p>\n<ul>\n<li>Estructura ABS y acero de gran resistencia con protecci\u00f3n IP44.<\/li>\n<li>Dimensiones del plato 170x170mm.<\/li>\n<li>Con sensor HR de alta resoluci\u00f3n y protecci\u00f3n contra sobrecargas.<\/li>\n<li>Funci\u00f3n contaje r\u00e1pido de piezas por muestreos.<\/li>\n<li>Ajuste del cero por pulsaci\u00f3n y tarado de recipientes.<\/li>\n<li>Plato cuadrado de acero inoxidable.<\/li>\n<li>Pies regulables en altura para adaptarla a la superficie de uso.<\/li>\n<li>Conexi\u00f3n RS232C de salida de datos.<\/li>\n<\/ul>\n","protected":false},"featured_media":927,"comment_status":"open","ping_status":"closed","template":"","meta":[],"product_cat":[27],"product_tag":[],"_links":{"self":[{"href":"https:\/\/presitec.pe\/index.php\/wp-json\/wp\/v2\/product\/926"}],"collection":[{"href":"https:\/\/presitec.pe\/index.php\/wp-json\/wp\/v2\/product"}],"about":[{"href":"https:\/\/presitec.pe\/index.php\/wp-json\/wp\/v2\/types\/product"}],"replies":[{"embeddable":true,"href":"https:\/\/presitec.pe\/index.php\/wp-json\/wp\/v2\/comments?post=926"}],"wp:featuredmedia":[{"embeddable":true,"href":"https:\/\/presitec.pe\/index.php\/wp-json\/wp\/v2\/media\/927"}],"wp:attachment":[{"href":"https:\/\/presitec.pe\/index.php\/wp-json\/wp\/v2\/media?parent=926"}],"wp:term":[{"taxonomy":"product_cat","embeddable":true,"href":"https:\/\/presitec.pe\/index.php\/wp-json\/wp\/v2\/product_cat?post=926"},{"taxonomy":"product_tag","embeddable":true,"href":"https:\/\/presitec.pe\/index.php\/wp-json\/wp\/v2\/product_tag?post=926"}],"curies":[{"name":"wp","href":"https:\/\/api.w.org\/{rel}","templated":true}]}}