{"id":930,"date":"2024-04-12T18:15:57","date_gmt":"2024-04-12T16:15:57","guid":{"rendered":"https:\/\/presitec.pe\/?post_type=product&#038;p=930"},"modified":"2025-01-15T22:04:22","modified_gmt":"2025-01-15T21:04:22","slug":"balanza-analitica-ryi-220-multifuncion","status":"publish","type":"product","link":"https:\/\/presitec.pe\/index.php\/producto\/balanza-analitica-ryi-220-multifuncion\/","title":{"rendered":"BALANZA ANAL\u00cdTICA &#8211; MARCA: JADEVER &#8211; MODELO: RYI-220 &#8211; MULTIFUNCI\u00d3N"},"content":{"rendered":"<p>&nbsp;<\/p>\n<p><img decoding=\"async\" class=\"alignnone  wp-image-296\" src=\"https:\/\/presitec.pe\/wp-content\/uploads\/2024\/03\/logo2-300x154.jpg\" alt=\"\" width=\"251\" height=\"129\" srcset=\"https:\/\/presitec.pe\/wp-content\/uploads\/2024\/03\/logo2-300x154.jpg 300w, https:\/\/presitec.pe\/wp-content\/uploads\/2024\/03\/logo2.jpg 350w\" sizes=\"(max-width: 251px) 100vw, 251px\" \/><\/p>\n<div class=\"elementor-element elementor-element-fb98e66 elementor-widget elementor-widget-woocommerce-product-data-tabs\" data-id=\"fb98e66\" data-element_type=\"widget\" data-widget_type=\"woocommerce-product-data-tabs.default\">\n<div class=\"elementor-widget-container\">\n<div class=\"woocommerce-tabs wc-tabs-wrapper\">\n<div id=\"tab-description\" class=\"woocommerce-Tabs-panel woocommerce-Tabs-panel--description panel entry-content wc-tab\" role=\"tabpanel\" aria-labelledby=\"tab-title-description\">\n<p align=\"justify\">ECumple con los requerimientos dentro de los laboratorios, ofreciendo resultados m\u00e1s exactos, y lectura m\u00e1s f\u00e1cil. Es indispensable saber las funciones que ofrecen las balanzas que se adec\u00faen a los requerimientos de los laboratorios, y para ello, se debe tomar en cuenta, el dise\u00f1o, tama\u00f1o, capacidades de calibraci\u00f3n, capacidad de pesaje, unidades de pesaje (grs., Kg. y\/o lbs.), margen de error y durabilidad de la bater\u00eda. En funci\u00f3n a ello, la balanza anal\u00edtica, cumple con los requerimientos dentro de los laboratorios, ofreciendo resultados m\u00e1s exactos, y lectura m\u00e1s f\u00e1cil.<\/p>\n<\/div>\n<\/div>\n<\/div>\n<\/div>\n<div class=\"elementor-element elementor-element-8873314 elementor-widget elementor-widget-heading\" data-id=\"8873314\" data-element_type=\"widget\" data-widget_type=\"heading.default\">\n<div class=\"elementor-widget-container\"><\/div>\n<\/div>\n","protected":false},"excerpt":{"rendered":"<p><strong>CARACTERISTICAS:<\/strong><\/p>\n<ul>\n<li>Contaje r\u00e1pido de piezas por muestreo.<\/li>\n<li>Men\u00fa usuario personalizable.<\/li>\n<li>Men\u00fa en 9 lenguajes europeo, incluido espa\u00f1ol.<\/li>\n<li>Funci\u00f3n cuenta piezas.<\/li>\n<li>C\u00e1lculo de porcentaje.<\/li>\n<li>Pesaje de animales.<\/li>\n<li>C\u00e1lculo de granaje de papel.<\/li>\n<li>Selecci\u00f3n de productos por min\/max.<\/li>\n<\/ul>\n","protected":false},"featured_media":931,"comment_status":"open","ping_status":"closed","template":"","meta":[],"product_cat":[27],"product_tag":[],"_links":{"self":[{"href":"https:\/\/presitec.pe\/index.php\/wp-json\/wp\/v2\/product\/930"}],"collection":[{"href":"https:\/\/presitec.pe\/index.php\/wp-json\/wp\/v2\/product"}],"about":[{"href":"https:\/\/presitec.pe\/index.php\/wp-json\/wp\/v2\/types\/product"}],"replies":[{"embeddable":true,"href":"https:\/\/presitec.pe\/index.php\/wp-json\/wp\/v2\/comments?post=930"}],"wp:featuredmedia":[{"embeddable":true,"href":"https:\/\/presitec.pe\/index.php\/wp-json\/wp\/v2\/media\/931"}],"wp:attachment":[{"href":"https:\/\/presitec.pe\/index.php\/wp-json\/wp\/v2\/media?parent=930"}],"wp:term":[{"taxonomy":"product_cat","embeddable":true,"href":"https:\/\/presitec.pe\/index.php\/wp-json\/wp\/v2\/product_cat?post=930"},{"taxonomy":"product_tag","embeddable":true,"href":"https:\/\/presitec.pe\/index.php\/wp-json\/wp\/v2\/product_tag?post=930"}],"curies":[{"name":"wp","href":"https:\/\/api.w.org\/{rel}","templated":true}]}}