{"id":932,"date":"2024-04-12T18:22:27","date_gmt":"2024-04-12T16:22:27","guid":{"rendered":"https:\/\/presitec.pe\/?post_type=product&#038;p=932"},"modified":"2025-01-15T22:05:50","modified_gmt":"2025-01-15T21:05:50","slug":"balanza-de-precision-serie-fc100","status":"publish","type":"product","link":"https:\/\/presitec.pe\/index.php\/producto\/balanza-de-precision-serie-fc100\/","title":{"rendered":"BALANZA DE PRECISI\u00d3N &#8211; MARCA: JADEVER &#8211; MODELO: FC100"},"content":{"rendered":"<p><img decoding=\"async\" class=\"alignnone  wp-image-296\" src=\"https:\/\/presitec.pe\/wp-content\/uploads\/2024\/03\/logo2-300x154.jpg\" alt=\"\" width=\"247\" height=\"127\" srcset=\"https:\/\/presitec.pe\/wp-content\/uploads\/2024\/03\/logo2-300x154.jpg 300w, https:\/\/presitec.pe\/wp-content\/uploads\/2024\/03\/logo2.jpg 350w\" sizes=\"(max-width: 247px) 100vw, 247px\" \/><\/p>\n<div class=\"elementor-element elementor-element-fb98e66 elementor-widget elementor-widget-woocommerce-product-data-tabs\" data-id=\"fb98e66\" data-element_type=\"widget\" data-widget_type=\"woocommerce-product-data-tabs.default\">\n<div class=\"elementor-widget-container\">\n<div class=\"woocommerce-tabs wc-tabs-wrapper\">\n<div id=\"tab-description\" class=\"woocommerce-Tabs-panel woocommerce-Tabs-panel--description panel entry-content wc-tab\" role=\"tabpanel\" aria-labelledby=\"tab-title-description\">\n<p align=\"justify\">ECumple con los requerimientos dentro de los laboratorios, ofreciendo resultados m\u00e1s exactos, y lectura m\u00e1s f\u00e1cil. Es indispensable saber las funciones que ofrecen las balanzas que se adec\u00faen a los requerimientos de los laboratorios, y para ello, se debe tomar en cuenta, el dise\u00f1o, tama\u00f1o, capacidades de calibraci\u00f3n, capacidad de pesaje, unidades de pesaje (grs., Kg. y\/o lbs.), margen de error y durabilidad de la bater\u00eda. En funci\u00f3n a ello, la balanza anal\u00edtica, cumple con los requerimientos dentro de los laboratorios, ofreciendo resultados m\u00e1s exactos, y lectura m\u00e1s f\u00e1cil.<\/p>\n<\/div>\n<\/div>\n<\/div>\n<\/div>\n<div class=\"elementor-element elementor-element-8873314 elementor-widget elementor-widget-heading\" data-id=\"8873314\" data-element_type=\"widget\" data-widget_type=\"heading.default\">\n<div class=\"elementor-widget-container\"><\/div>\n<\/div>\n","protected":false},"excerpt":{"rendered":"<p><strong>CARACTERISTICAS:<\/strong><\/p>\n<ul>\n<li>Balanza para laboratorio.<\/li>\n<li>Sensor de carga de aluminio de alta precisi\u00f3n.<\/li>\n<li>Teclado de f\u00e1cil uso.<\/li>\n<li>Plato de acero inoxidable de 95mm. 160mm de di\u00e1metro o de 170x180mm.<\/li>\n<li>Protecci\u00f3n para vientos solo (modelos FC-100 y FC-200)<\/li>\n<li>Display LCD retro-iluminado con d\u00edgitos grandes (17mm)<\/li>\n<li>Tecladointuitivo f\u00e1cil de utilizar.<\/li>\n<li>Pies regulables para una transmisi\u00f3n \u00f3ptima de la fuerza.<\/li>\n<\/ul>\n","protected":false},"featured_media":933,"comment_status":"open","ping_status":"closed","template":"","meta":[],"product_cat":[27],"product_tag":[],"_links":{"self":[{"href":"https:\/\/presitec.pe\/index.php\/wp-json\/wp\/v2\/product\/932"}],"collection":[{"href":"https:\/\/presitec.pe\/index.php\/wp-json\/wp\/v2\/product"}],"about":[{"href":"https:\/\/presitec.pe\/index.php\/wp-json\/wp\/v2\/types\/product"}],"replies":[{"embeddable":true,"href":"https:\/\/presitec.pe\/index.php\/wp-json\/wp\/v2\/comments?post=932"}],"wp:featuredmedia":[{"embeddable":true,"href":"https:\/\/presitec.pe\/index.php\/wp-json\/wp\/v2\/media\/933"}],"wp:attachment":[{"href":"https:\/\/presitec.pe\/index.php\/wp-json\/wp\/v2\/media?parent=932"}],"wp:term":[{"taxonomy":"product_cat","embeddable":true,"href":"https:\/\/presitec.pe\/index.php\/wp-json\/wp\/v2\/product_cat?post=932"},{"taxonomy":"product_tag","embeddable":true,"href":"https:\/\/presitec.pe\/index.php\/wp-json\/wp\/v2\/product_tag?post=932"}],"curies":[{"name":"wp","href":"https:\/\/api.w.org\/{rel}","templated":true}]}}