{"id":934,"date":"2024-04-12T18:39:35","date_gmt":"2024-04-12T16:39:35","guid":{"rendered":"https:\/\/presitec.pe\/?post_type=product&#038;p=934"},"modified":"2025-01-15T22:06:21","modified_gmt":"2025-01-15T21:06:21","slug":"balanza-analitica-explorer-semi-micro-marca-ohaus","status":"publish","type":"product","link":"https:\/\/presitec.pe\/index.php\/producto\/balanza-analitica-explorer-semi-micro-marca-ohaus\/","title":{"rendered":"BALANZA ANAL\u00cdTICA EXPLORER SEMI MICRO &#8211; MARCA: OHAUS"},"content":{"rendered":"<p><img decoding=\"async\" class=\"alignnone size-medium wp-image-302\" src=\"https:\/\/presitec.pe\/wp-content\/uploads\/2024\/03\/logo8-300x154.jpg\" alt=\"\" width=\"300\" height=\"154\" srcset=\"https:\/\/presitec.pe\/wp-content\/uploads\/2024\/03\/logo8-300x154.jpg 300w, https:\/\/presitec.pe\/wp-content\/uploads\/2024\/03\/logo8.jpg 350w\" sizes=\"(max-width: 300px) 100vw, 300px\" \/><\/p>\n<p>Una terminal desmontable con una gran pantalla t\u00e1ctil a color, sensores IR programables, ionizador incorporado opcional y puertas autom\u00e1ticas, as\u00ed como un protector contra corrientes de aire sin marco hacen que las Explorer sean f\u00e1ciles y c\u00f3modas de usar.<\/p>\n","protected":false},"excerpt":{"rendered":"<p align=\"justify\">Emblem\u00e1ticas b\u00e1sculas de OHAUS. Las celdas de pesaje de Explorer, maquinadas con precisi\u00f3n a partir de un bloque de metal s\u00f3lido, junto con AutoCalTM brindan una precisi\u00f3n y durabilidad excepcionales adecuadas para entornos de laboratorio e industriales. Las caracteristicas como la administraci\u00f3n de usuarios de cuatro niveles con protecci\u00f3n de contrase\u00f1a y el registro del sistema ineditable m\u00e1s un alto nivel de configurabilidad hacen que las balanzas Explorer sean adecuadas para aplicaciones reguladas.<\/p>\n","protected":false},"featured_media":935,"comment_status":"open","ping_status":"closed","template":"","meta":[],"product_cat":[27],"product_tag":[],"_links":{"self":[{"href":"https:\/\/presitec.pe\/index.php\/wp-json\/wp\/v2\/product\/934"}],"collection":[{"href":"https:\/\/presitec.pe\/index.php\/wp-json\/wp\/v2\/product"}],"about":[{"href":"https:\/\/presitec.pe\/index.php\/wp-json\/wp\/v2\/types\/product"}],"replies":[{"embeddable":true,"href":"https:\/\/presitec.pe\/index.php\/wp-json\/wp\/v2\/comments?post=934"}],"wp:featuredmedia":[{"embeddable":true,"href":"https:\/\/presitec.pe\/index.php\/wp-json\/wp\/v2\/media\/935"}],"wp:attachment":[{"href":"https:\/\/presitec.pe\/index.php\/wp-json\/wp\/v2\/media?parent=934"}],"wp:term":[{"taxonomy":"product_cat","embeddable":true,"href":"https:\/\/presitec.pe\/index.php\/wp-json\/wp\/v2\/product_cat?post=934"},{"taxonomy":"product_tag","embeddable":true,"href":"https:\/\/presitec.pe\/index.php\/wp-json\/wp\/v2\/product_tag?post=934"}],"curies":[{"name":"wp","href":"https:\/\/api.w.org\/{rel}","templated":true}]}}