{"id":936,"date":"2024-04-12T18:55:09","date_gmt":"2024-04-12T16:55:09","guid":{"rendered":"https:\/\/presitec.pe\/?post_type=product&#038;p=936"},"modified":"2025-01-15T22:06:34","modified_gmt":"2025-01-15T21:06:34","slug":"balanza-analitica-explorer-emblematica-marca-ohaus","status":"publish","type":"product","link":"https:\/\/presitec.pe\/index.php\/producto\/balanza-analitica-explorer-emblematica-marca-ohaus\/","title":{"rendered":"BALANZA ANAL\u00cdTICA EXPLORER EMBLEM\u00c1TICA &#8211; MARCA: OHAUS"},"content":{"rendered":"<p><img decoding=\"async\" class=\"alignnone size-medium wp-image-302\" src=\"https:\/\/presitec.pe\/wp-content\/uploads\/2024\/03\/logo8-300x154.jpg\" alt=\"\" width=\"300\" height=\"154\" srcset=\"https:\/\/presitec.pe\/wp-content\/uploads\/2024\/03\/logo8-300x154.jpg 300w, https:\/\/presitec.pe\/wp-content\/uploads\/2024\/03\/logo8.jpg 350w\" sizes=\"(max-width: 300px) 100vw, 300px\" \/><\/p>\n<p>Un terminal desmontable con una gran pantalla t\u00e1ctil a color, sensores IR programables, puertas autom\u00e1ticas y un protector contra corrientes de aire sin marco, hacen que las b\u00e1sculas anal\u00edticas Explorer sean f\u00e1ciles y c\u00f3modas de usar.<\/p>\n","protected":false},"excerpt":{"rendered":"<p align=\"justify\">Balanza Emblematica OHAUS, equipadas con una con una celda de pesaje maquinada con precisi\u00f3n a partir de un bloque de metal s\u00f3lido, las b\u00e1sculas Explorer son extremadamente precisas y duraderas, y son ideales para entornos industriales y de laboratorio. Las caracteristicas como la administraci\u00f3n de usuarios de cuatro niveles con proteci\u00f3n de contrase\u00f1a y el registro del sistema ineditable m\u00e1s un alto nivel de configurabilidad hacen que las balanzas Explorer sean adecuadas para aplicaciones reguladas.<\/p>\n","protected":false},"featured_media":937,"comment_status":"open","ping_status":"closed","template":"","meta":[],"product_cat":[27],"product_tag":[],"_links":{"self":[{"href":"https:\/\/presitec.pe\/index.php\/wp-json\/wp\/v2\/product\/936"}],"collection":[{"href":"https:\/\/presitec.pe\/index.php\/wp-json\/wp\/v2\/product"}],"about":[{"href":"https:\/\/presitec.pe\/index.php\/wp-json\/wp\/v2\/types\/product"}],"replies":[{"embeddable":true,"href":"https:\/\/presitec.pe\/index.php\/wp-json\/wp\/v2\/comments?post=936"}],"wp:featuredmedia":[{"embeddable":true,"href":"https:\/\/presitec.pe\/index.php\/wp-json\/wp\/v2\/media\/937"}],"wp:attachment":[{"href":"https:\/\/presitec.pe\/index.php\/wp-json\/wp\/v2\/media?parent=936"}],"wp:term":[{"taxonomy":"product_cat","embeddable":true,"href":"https:\/\/presitec.pe\/index.php\/wp-json\/wp\/v2\/product_cat?post=936"},{"taxonomy":"product_tag","embeddable":true,"href":"https:\/\/presitec.pe\/index.php\/wp-json\/wp\/v2\/product_tag?post=936"}],"curies":[{"name":"wp","href":"https:\/\/api.w.org\/{rel}","templated":true}]}}