{"id":938,"date":"2024-04-12T19:06:32","date_gmt":"2024-04-12T17:06:32","guid":{"rendered":"https:\/\/presitec.pe\/?post_type=product&#038;p=938"},"modified":"2025-01-15T22:07:42","modified_gmt":"2025-01-15T21:07:42","slug":"balanza-analitica-semimicro-adventure-marca-ohaus","status":"publish","type":"product","link":"https:\/\/presitec.pe\/index.php\/producto\/balanza-analitica-semimicro-adventure-marca-ohaus\/","title":{"rendered":"BALANZA ANAL\u00cdTICA SEMIMICRO ADVENTURE &#8211; MARCA: OHAUS"},"content":{"rendered":"","protected":false},"excerpt":{"rendered":"<ul>\n<li>Balanza intuitivas dise\u00f1adas para el pesaje de rutina. Las balanzas Adventure cuentan con una pantalla t\u00e1ctil a color, una interfaz de usuario basada en iconos y un dise\u00f1o ergon\u00f3mico que facilita su configuraci\u00f3n y uso.<\/li>\n<li>Las funciones que brinda como modos de pesaje especializados, m\u00faltiples opciones de conectividad y AutoCal proporcionan versatilidad y flexibilidad para una variedad de aplicaciones.<\/li>\n<li>Construida para durar, cuenta con superficies de pesaje amplias, dise\u00f1ada con un para-brisas que ahorra espacio y una cubierta para la carcasa que permiten su uso en entornos de laboratorio, educativos e industriales.<\/li>\n<\/ul>\n","protected":false},"featured_media":939,"comment_status":"open","ping_status":"closed","template":"","meta":[],"product_cat":[27],"product_tag":[],"_links":{"self":[{"href":"https:\/\/presitec.pe\/index.php\/wp-json\/wp\/v2\/product\/938"}],"collection":[{"href":"https:\/\/presitec.pe\/index.php\/wp-json\/wp\/v2\/product"}],"about":[{"href":"https:\/\/presitec.pe\/index.php\/wp-json\/wp\/v2\/types\/product"}],"replies":[{"embeddable":true,"href":"https:\/\/presitec.pe\/index.php\/wp-json\/wp\/v2\/comments?post=938"}],"wp:featuredmedia":[{"embeddable":true,"href":"https:\/\/presitec.pe\/index.php\/wp-json\/wp\/v2\/media\/939"}],"wp:attachment":[{"href":"https:\/\/presitec.pe\/index.php\/wp-json\/wp\/v2\/media?parent=938"}],"wp:term":[{"taxonomy":"product_cat","embeddable":true,"href":"https:\/\/presitec.pe\/index.php\/wp-json\/wp\/v2\/product_cat?post=938"},{"taxonomy":"product_tag","embeddable":true,"href":"https:\/\/presitec.pe\/index.php\/wp-json\/wp\/v2\/product_tag?post=938"}],"curies":[{"name":"wp","href":"https:\/\/api.w.org\/{rel}","templated":true}]}}