{"id":942,"date":"2024-04-12T19:21:53","date_gmt":"2024-04-12T17:21:53","guid":{"rendered":"https:\/\/presitec.pe\/?post_type=product&#038;p=942"},"modified":"2025-01-15T22:08:30","modified_gmt":"2025-01-15T21:08:30","slug":"balanza-pioneer-semi-micro-marca-ohaus","status":"publish","type":"product","link":"https:\/\/presitec.pe\/index.php\/producto\/balanza-pioneer-semi-micro-marca-ohaus\/","title":{"rendered":"BALANZA PIONEER SEMI-MICRO &#8211; MARCA: OHAUS"},"content":{"rendered":"","protected":false},"excerpt":{"rendered":"<ul>\n<li>Combinaci\u00f3n de econom\u00eda y alto desempe\u00f1o para el pesaje esencial.<\/li>\n<li>El PX5 ofrece alta precisi\u00f3n y repetibilidad para aplicaciones de pesaje esenciales en entornos de laboratorio, industriales y eductivos a un precio econ\u00f3mico.<\/li>\n<li>Con una carcasa inferior de metal fundido, un subplato y un plato de pesaje de acero inoxidable, el PX5 est\u00e1 construido de forma duradera para un uso vers\u00e1til y a largo plazo.<\/li>\n<li>Pioneer cuenta con una pantalla de segunda l\u00ednea para informaci\u00f3n, una barra de extracci\u00f3n est\u00e1tica para una c\u00f3moda conexi\u00f3n a tierra y conectividad USB.<\/li>\n<\/ul>\n","protected":false},"featured_media":943,"comment_status":"open","ping_status":"closed","template":"","meta":[],"product_cat":[27],"product_tag":[],"_links":{"self":[{"href":"https:\/\/presitec.pe\/index.php\/wp-json\/wp\/v2\/product\/942"}],"collection":[{"href":"https:\/\/presitec.pe\/index.php\/wp-json\/wp\/v2\/product"}],"about":[{"href":"https:\/\/presitec.pe\/index.php\/wp-json\/wp\/v2\/types\/product"}],"replies":[{"embeddable":true,"href":"https:\/\/presitec.pe\/index.php\/wp-json\/wp\/v2\/comments?post=942"}],"wp:featuredmedia":[{"embeddable":true,"href":"https:\/\/presitec.pe\/index.php\/wp-json\/wp\/v2\/media\/943"}],"wp:attachment":[{"href":"https:\/\/presitec.pe\/index.php\/wp-json\/wp\/v2\/media?parent=942"}],"wp:term":[{"taxonomy":"product_cat","embeddable":true,"href":"https:\/\/presitec.pe\/index.php\/wp-json\/wp\/v2\/product_cat?post=942"},{"taxonomy":"product_tag","embeddable":true,"href":"https:\/\/presitec.pe\/index.php\/wp-json\/wp\/v2\/product_tag?post=942"}],"curies":[{"name":"wp","href":"https:\/\/api.w.org\/{rel}","templated":true}]}}