{"id":946,"date":"2024-04-12T19:41:36","date_gmt":"2024-04-12T17:41:36","guid":{"rendered":"https:\/\/presitec.pe\/?post_type=product&#038;p=946"},"modified":"2025-01-15T22:09:02","modified_gmt":"2025-01-15T21:09:02","slug":"balanza-explorer-de-precision-marca-ohaus","status":"publish","type":"product","link":"https:\/\/presitec.pe\/index.php\/producto\/balanza-explorer-de-precision-marca-ohaus\/","title":{"rendered":"BALANZA EXPLORER DE PRECISI\u00d3N &#8211; MARCA: OHAUS"},"content":{"rendered":"","protected":false},"excerpt":{"rendered":"<ul>\n<li>Balanza Emblem\u00e1ticas de OHAUS, equipadas con una celda de pesaje maquinada con precisi\u00f3n a partir de un bloque de metal s\u00f3lido, las b\u00e1sculas Explorer son extremadamente precisas y duraderas, y son ideales para entornos industriales y de laboratorio.<\/li>\n<li>Las caracter\u00edsticas como la administraci\u00f3n de usuarios de cuatro niveles con protecci\u00f3n de contrase\u00f1a y el registro del sistema ineditable m\u00e1s un alto nivel de configurabilidad hacen que las balanzas Explorer sean adecuadas para aplicaciones reguladas.<\/li>\n<li>Un terminal desmontable con una gran pantalla t\u00e1ctil a color, sensores IR programables y un protector contra corrientes de aire sin marco hacen que las b\u00e1sculas de precisi\u00f3n Eplorer sean f\u00e1ciles y c\u00f3modas de usar.<\/li>\n<\/ul>\n","protected":false},"featured_media":947,"comment_status":"open","ping_status":"closed","template":"","meta":[],"product_cat":[27],"product_tag":[],"_links":{"self":[{"href":"https:\/\/presitec.pe\/index.php\/wp-json\/wp\/v2\/product\/946"}],"collection":[{"href":"https:\/\/presitec.pe\/index.php\/wp-json\/wp\/v2\/product"}],"about":[{"href":"https:\/\/presitec.pe\/index.php\/wp-json\/wp\/v2\/types\/product"}],"replies":[{"embeddable":true,"href":"https:\/\/presitec.pe\/index.php\/wp-json\/wp\/v2\/comments?post=946"}],"wp:featuredmedia":[{"embeddable":true,"href":"https:\/\/presitec.pe\/index.php\/wp-json\/wp\/v2\/media\/947"}],"wp:attachment":[{"href":"https:\/\/presitec.pe\/index.php\/wp-json\/wp\/v2\/media?parent=946"}],"wp:term":[{"taxonomy":"product_cat","embeddable":true,"href":"https:\/\/presitec.pe\/index.php\/wp-json\/wp\/v2\/product_cat?post=946"},{"taxonomy":"product_tag","embeddable":true,"href":"https:\/\/presitec.pe\/index.php\/wp-json\/wp\/v2\/product_tag?post=946"}],"curies":[{"name":"wp","href":"https:\/\/api.w.org\/{rel}","templated":true}]}}