{"id":948,"date":"2024-04-12T19:49:43","date_gmt":"2024-04-12T17:49:43","guid":{"rendered":"https:\/\/presitec.pe\/?post_type=product&#038;p=948"},"modified":"2025-01-15T22:09:16","modified_gmt":"2025-01-15T21:09:16","slug":"balanza-explorer-de-precision-alta-capacidad-marca-ohaus","status":"publish","type":"product","link":"https:\/\/presitec.pe\/index.php\/producto\/balanza-explorer-de-precision-alta-capacidad-marca-ohaus\/","title":{"rendered":"BALANZA EXPLORER DE PRECISI\u00d3N ALTA CAPACIDAD &#8211; MARCA: OHAUS"},"content":{"rendered":"","protected":false},"excerpt":{"rendered":"<ul>\n<li>Balanz emblem\u00e1ticas de OHAUS<\/li>\n<li>Equipadas con un c\u00e9lula de pesaje mecanizada con precisi\u00f3n a partir de un bloque de metal s\u00f3lido, las balanzas Explorer son extremadamente precisas y duraderas, y son ideales para entornos industriales y de laboratorio.<\/li>\n<li>Protecci\u00f3n contra golpes 2-D y comportamiento de la base IP54 que protegen a la balanza por da\u00f1os mientras que el sistema de calibraci\u00f3n autom\u00e1tico interno AutoCal garantiza el rendimiento.<\/li>\n<li>Una terminal desmontable con una pantalla t\u00e1ctil grande a color y sensores IR programables, hacen que las b\u00e1sculas Explorer de alta capacidad sean f\u00e1ciles y c\u00f3modas de usar.<\/li>\n<\/ul>\n","protected":false},"featured_media":949,"comment_status":"open","ping_status":"closed","template":"","meta":[],"product_cat":[27],"product_tag":[],"_links":{"self":[{"href":"https:\/\/presitec.pe\/index.php\/wp-json\/wp\/v2\/product\/948"}],"collection":[{"href":"https:\/\/presitec.pe\/index.php\/wp-json\/wp\/v2\/product"}],"about":[{"href":"https:\/\/presitec.pe\/index.php\/wp-json\/wp\/v2\/types\/product"}],"replies":[{"embeddable":true,"href":"https:\/\/presitec.pe\/index.php\/wp-json\/wp\/v2\/comments?post=948"}],"wp:featuredmedia":[{"embeddable":true,"href":"https:\/\/presitec.pe\/index.php\/wp-json\/wp\/v2\/media\/949"}],"wp:attachment":[{"href":"https:\/\/presitec.pe\/index.php\/wp-json\/wp\/v2\/media?parent=948"}],"wp:term":[{"taxonomy":"product_cat","embeddable":true,"href":"https:\/\/presitec.pe\/index.php\/wp-json\/wp\/v2\/product_cat?post=948"},{"taxonomy":"product_tag","embeddable":true,"href":"https:\/\/presitec.pe\/index.php\/wp-json\/wp\/v2\/product_tag?post=948"}],"curies":[{"name":"wp","href":"https:\/\/api.w.org\/{rel}","templated":true}]}}