{"id":950,"date":"2024-04-12T19:57:08","date_gmt":"2024-04-12T17:57:08","guid":{"rendered":"https:\/\/presitec.pe\/?post_type=product&#038;p=950"},"modified":"2025-01-15T22:09:30","modified_gmt":"2025-01-15T21:09:30","slug":"balanza-adventurer-de-precision-intuitivas-marca-ohaus","status":"publish","type":"product","link":"https:\/\/presitec.pe\/index.php\/producto\/balanza-adventurer-de-precision-intuitivas-marca-ohaus\/","title":{"rendered":"BALANZA ADVENTURER DE PRECISI\u00d3N INTUITIVA &#8211; MARCA: OHAUS"},"content":{"rendered":"","protected":false},"excerpt":{"rendered":"<ul>\n<li>Balanzas intuitivas dise\u00f1adas para el pesaje de rutina.<\/li>\n<li>Las balanzas Adventurer cuentan con una pantalla t\u00e1ctil a color, una interfaz de usuario basada en iconos y un dise\u00f1o ergon\u00f3mico que facilita su configuraci\u00f3n y uso.<\/li>\n<li>Las funciones que brinda como modos de pesaje especializados, m\u00faltiples opciones de conectividad y AtucoCal, proporcionan versatilidad y flexibilidad para una variedad de aplicaciones.<\/li>\n<li>Construida para durar, cuenta con superficies de pesaje amplias, dise\u00f1o con para-brisas que ahorra espacios y una cubierta para la carcasa que permiten su uso en entornos de laboratorio, educativos e industriales.<\/li>\n<\/ul>\n","protected":false},"featured_media":951,"comment_status":"open","ping_status":"closed","template":"","meta":[],"product_cat":[27],"product_tag":[],"_links":{"self":[{"href":"https:\/\/presitec.pe\/index.php\/wp-json\/wp\/v2\/product\/950"}],"collection":[{"href":"https:\/\/presitec.pe\/index.php\/wp-json\/wp\/v2\/product"}],"about":[{"href":"https:\/\/presitec.pe\/index.php\/wp-json\/wp\/v2\/types\/product"}],"replies":[{"embeddable":true,"href":"https:\/\/presitec.pe\/index.php\/wp-json\/wp\/v2\/comments?post=950"}],"wp:featuredmedia":[{"embeddable":true,"href":"https:\/\/presitec.pe\/index.php\/wp-json\/wp\/v2\/media\/951"}],"wp:attachment":[{"href":"https:\/\/presitec.pe\/index.php\/wp-json\/wp\/v2\/media?parent=950"}],"wp:term":[{"taxonomy":"product_cat","embeddable":true,"href":"https:\/\/presitec.pe\/index.php\/wp-json\/wp\/v2\/product_cat?post=950"},{"taxonomy":"product_tag","embeddable":true,"href":"https:\/\/presitec.pe\/index.php\/wp-json\/wp\/v2\/product_tag?post=950"}],"curies":[{"name":"wp","href":"https:\/\/api.w.org\/{rel}","templated":true}]}}