{"id":954,"date":"2024-04-12T20:11:53","date_gmt":"2024-04-12T18:11:53","guid":{"rendered":"https:\/\/presitec.pe\/?post_type=product&#038;p=954"},"modified":"2025-01-15T22:10:02","modified_gmt":"2025-01-15T21:10:02","slug":"balanza-de-precision-de-alta-capacidad-pioneer-marca-ohaus","status":"publish","type":"product","link":"https:\/\/presitec.pe\/index.php\/producto\/balanza-de-precision-de-alta-capacidad-pioneer-marca-ohaus\/","title":{"rendered":"BALANZA DE PRECISI\u00d3N DE ALTA CAPACIDAD PIONEER &#8211; MARCA: OHAUS"},"content":{"rendered":"","protected":false},"excerpt":{"rendered":"<ul>\n<li>Equilibrio asequible para lograr resultados confiables.<\/li>\n<li>La PX ofrece una alta precisi\u00f3n y repetibilidad para aplicaciones de pesaje esenciales en entorno de laboratorio, industriales y educativos a un precio econ\u00f3mico.<\/li>\n<li>Con una carcasa inferior de metal fundido, un subplato y un plato de pesaje de acero inoxidable, la PX est\u00e1 construida de forma duradera para un uso vers\u00e1til y de larga duraci\u00f3n.<\/li>\n<li>Pioneer cuenta con una pantalla de segunda l\u00ednea para informaci\u00f3n adicional u orientaci\u00f3n, una barra de extracci\u00f3n est\u00e1tica para una c\u00f3moda conexi\u00f3n a tierra y conectividad USB.<\/li>\n<\/ul>\n","protected":false},"featured_media":955,"comment_status":"open","ping_status":"closed","template":"","meta":[],"product_cat":[27],"product_tag":[],"_links":{"self":[{"href":"https:\/\/presitec.pe\/index.php\/wp-json\/wp\/v2\/product\/954"}],"collection":[{"href":"https:\/\/presitec.pe\/index.php\/wp-json\/wp\/v2\/product"}],"about":[{"href":"https:\/\/presitec.pe\/index.php\/wp-json\/wp\/v2\/types\/product"}],"replies":[{"embeddable":true,"href":"https:\/\/presitec.pe\/index.php\/wp-json\/wp\/v2\/comments?post=954"}],"wp:featuredmedia":[{"embeddable":true,"href":"https:\/\/presitec.pe\/index.php\/wp-json\/wp\/v2\/media\/955"}],"wp:attachment":[{"href":"https:\/\/presitec.pe\/index.php\/wp-json\/wp\/v2\/media?parent=954"}],"wp:term":[{"taxonomy":"product_cat","embeddable":true,"href":"https:\/\/presitec.pe\/index.php\/wp-json\/wp\/v2\/product_cat?post=954"},{"taxonomy":"product_tag","embeddable":true,"href":"https:\/\/presitec.pe\/index.php\/wp-json\/wp\/v2\/product_tag?post=954"}],"curies":[{"name":"wp","href":"https:\/\/api.w.org\/{rel}","templated":true}]}}