{"id":956,"date":"2024-04-12T20:20:25","date_gmt":"2024-04-12T18:20:25","guid":{"rendered":"https:\/\/presitec.pe\/?post_type=product&#038;p=956"},"modified":"2025-01-15T22:10:19","modified_gmt":"2025-01-15T21:10:19","slug":"balanza-pr-series-precision-marca-ohaus","status":"publish","type":"product","link":"https:\/\/presitec.pe\/index.php\/producto\/balanza-pr-series-precision-marca-ohaus\/","title":{"rendered":"BALANZA PR SERIES PRECISI\u00d3N &#8211; MARCA: OHAUS"},"content":{"rendered":"","protected":false},"excerpt":{"rendered":"<ul>\n<li>Dise\u00f1o optimizado para aplicaciones de pesaje de rutina en su lugar de trabajo.<\/li>\n<li>La PR est\u00e1 equipada con 3 modos de pesaje esenciales, conectividad RS-232 para la transferencia y almacenamiento de datos y calibraci\u00f3n interna (en algunos modelos), lo que la hace ideal para aplicaciones rutinarias de pesaje.<\/li>\n<li>Equipada con una pantalla retroiluminada brillante y f\u00e1cil de leer y una interfaz de usuario sencilla, la PR es increiblemente f\u00e1cil de manejar, casi sin necesidad de capacitaci\u00f3n.<\/li>\n<li>El peque\u00f1o tama\u00f1o de la PR ahorra espacio en el escritorio a la vez que proporciona una gran superficie de pesaje. La PR es de construcci\u00f3n duradera, y cuenta con una bandeja de acero inoxidable para soportar el uso diario en el lugar de trabajo.<\/li>\n<\/ul>\n","protected":false},"featured_media":957,"comment_status":"open","ping_status":"closed","template":"","meta":[],"product_cat":[27],"product_tag":[],"_links":{"self":[{"href":"https:\/\/presitec.pe\/index.php\/wp-json\/wp\/v2\/product\/956"}],"collection":[{"href":"https:\/\/presitec.pe\/index.php\/wp-json\/wp\/v2\/product"}],"about":[{"href":"https:\/\/presitec.pe\/index.php\/wp-json\/wp\/v2\/types\/product"}],"replies":[{"embeddable":true,"href":"https:\/\/presitec.pe\/index.php\/wp-json\/wp\/v2\/comments?post=956"}],"wp:featuredmedia":[{"embeddable":true,"href":"https:\/\/presitec.pe\/index.php\/wp-json\/wp\/v2\/media\/957"}],"wp:attachment":[{"href":"https:\/\/presitec.pe\/index.php\/wp-json\/wp\/v2\/media?parent=956"}],"wp:term":[{"taxonomy":"product_cat","embeddable":true,"href":"https:\/\/presitec.pe\/index.php\/wp-json\/wp\/v2\/product_cat?post=956"},{"taxonomy":"product_tag","embeddable":true,"href":"https:\/\/presitec.pe\/index.php\/wp-json\/wp\/v2\/product_tag?post=956"}],"curies":[{"name":"wp","href":"https:\/\/api.w.org\/{rel}","templated":true}]}}