{"id":958,"date":"2024-04-12T21:24:54","date_gmt":"2024-04-12T19:24:54","guid":{"rendered":"https:\/\/presitec.pe\/?post_type=product&#038;p=958"},"modified":"2025-01-15T22:11:23","modified_gmt":"2025-01-15T21:11:23","slug":"basculas-portatiles-scout-stx","status":"publish","type":"product","link":"https:\/\/presitec.pe\/index.php\/producto\/basculas-portatiles-scout-stx\/","title":{"rendered":"B\u00c1SCULAS PORT\u00c1TILES SCOUT STX &#8211; MARCA: OHAUS"},"content":{"rendered":"","protected":false},"excerpt":{"rendered":"<ul>\n<li>Balanzas de precisi\u00f3n port\u00e1tiles de alto rendimiento con pantallas t\u00e1ctiles intuitivas para una alta precisi\u00f3n y productividad.<\/li>\n<li>La gran pantalla t\u00e1ctil a color, intuitiva y de gran tama\u00f1o, permite una f\u00e1cil operaci\u00f3n, guiando al usuario a trav\u00e9s de cada paso de la aplicaci\u00f3n de pesaje.<\/li>\n<li>La avanzada tecnolog\u00eda de pesaje permite un tiempo de estabilizaci\u00f3n de un segundo lo que aumenta la productividad.<\/li>\n<li>El sistema de protecci\u00f3n de sobrecarga integrado, valorado en diez veces su capacidad, protege la balanza en entornos exigentes.<\/li>\n<\/ul>\n","protected":false},"featured_media":959,"comment_status":"open","ping_status":"closed","template":"","meta":[],"product_cat":[27],"product_tag":[],"_links":{"self":[{"href":"https:\/\/presitec.pe\/index.php\/wp-json\/wp\/v2\/product\/958"}],"collection":[{"href":"https:\/\/presitec.pe\/index.php\/wp-json\/wp\/v2\/product"}],"about":[{"href":"https:\/\/presitec.pe\/index.php\/wp-json\/wp\/v2\/types\/product"}],"replies":[{"embeddable":true,"href":"https:\/\/presitec.pe\/index.php\/wp-json\/wp\/v2\/comments?post=958"}],"wp:featuredmedia":[{"embeddable":true,"href":"https:\/\/presitec.pe\/index.php\/wp-json\/wp\/v2\/media\/959"}],"wp:attachment":[{"href":"https:\/\/presitec.pe\/index.php\/wp-json\/wp\/v2\/media?parent=958"}],"wp:term":[{"taxonomy":"product_cat","embeddable":true,"href":"https:\/\/presitec.pe\/index.php\/wp-json\/wp\/v2\/product_cat?post=958"},{"taxonomy":"product_tag","embeddable":true,"href":"https:\/\/presitec.pe\/index.php\/wp-json\/wp\/v2\/product_tag?post=958"}],"curies":[{"name":"wp","href":"https:\/\/api.w.org\/{rel}","templated":true}]}}