{"id":962,"date":"2024-04-12T21:37:36","date_gmt":"2024-04-12T19:37:36","guid":{"rendered":"https:\/\/presitec.pe\/?post_type=product&#038;p=962"},"modified":"2025-01-15T22:11:41","modified_gmt":"2025-01-15T21:11:41","slug":"basculas-portatiles-navigator-marca-ahaus","status":"publish","type":"product","link":"https:\/\/presitec.pe\/index.php\/producto\/basculas-portatiles-navigator-marca-ahaus\/","title":{"rendered":"B\u00c1SCULAS PORT\u00c1TILES NAVIGATOR &#8211; MARCA: OHAUS"},"content":{"rendered":"","protected":false},"excerpt":{"rendered":"<ul>\n<li>Balanza port\u00e1til multiuso adecuadas para el pesaje diario.<\/li>\n<li>Navigator ofrece aplicaciones de pesaje esenciales a un precio competitivo.<\/li>\n<li>La avanzada tecnolog\u00eda de pesaje ofrece una estabilizaci\u00f3n de un segundo para obtener resultados de pesaje r\u00e1pidos y precisos, lo que mejora la eficiencia, la productividad y el rendimiento del operador.<\/li>\n<li>Un sistema de protecci\u00f3n contra sobrecargas que puede soportar cargas de hasta cuatro veces la capacidad nominal protege la balanza.<\/li>\n<\/ul>\n","protected":false},"featured_media":963,"comment_status":"open","ping_status":"closed","template":"","meta":[],"product_cat":[27],"product_tag":[],"_links":{"self":[{"href":"https:\/\/presitec.pe\/index.php\/wp-json\/wp\/v2\/product\/962"}],"collection":[{"href":"https:\/\/presitec.pe\/index.php\/wp-json\/wp\/v2\/product"}],"about":[{"href":"https:\/\/presitec.pe\/index.php\/wp-json\/wp\/v2\/types\/product"}],"replies":[{"embeddable":true,"href":"https:\/\/presitec.pe\/index.php\/wp-json\/wp\/v2\/comments?post=962"}],"wp:featuredmedia":[{"embeddable":true,"href":"https:\/\/presitec.pe\/index.php\/wp-json\/wp\/v2\/media\/963"}],"wp:attachment":[{"href":"https:\/\/presitec.pe\/index.php\/wp-json\/wp\/v2\/media?parent=962"}],"wp:term":[{"taxonomy":"product_cat","embeddable":true,"href":"https:\/\/presitec.pe\/index.php\/wp-json\/wp\/v2\/product_cat?post=962"},{"taxonomy":"product_tag","embeddable":true,"href":"https:\/\/presitec.pe\/index.php\/wp-json\/wp\/v2\/product_tag?post=962"}],"curies":[{"name":"wp","href":"https:\/\/api.w.org\/{rel}","templated":true}]}}