{"id":964,"date":"2024-04-12T21:48:34","date_gmt":"2024-04-12T19:48:34","guid":{"rendered":"https:\/\/presitec.pe\/?post_type=product&#038;p=964"},"modified":"2025-01-15T22:11:56","modified_gmt":"2025-01-15T21:11:56","slug":"basculas-portatiles-traveler-marca-ahaus","status":"publish","type":"product","link":"https:\/\/presitec.pe\/index.php\/producto\/basculas-portatiles-traveler-marca-ahaus\/","title":{"rendered":"B\u00c1SCULAS PORT\u00c1TILES TRAVELER &#8211; MARCA: OHAUS"},"content":{"rendered":"","protected":false},"excerpt":{"rendered":"<ul>\n<li>Balanza port\u00e1til \u00fanica con protector contra corrientes de aire integrado.<\/li>\n<li>El protector p\/corrientes de aire mientras se pesa garantiza resultados precisos protegiendo la balanza en ambientes inestables. La pieza central tambi\u00e9n se puede convertir en un bote de pesaje.<\/li>\n<li>Las balanzas pueden estar perfectamente apilados y bloqueadas al colocar una encima de otra, lo que facilita almacenarlas de forma seguro.<\/li>\n<li>Una celda de carga de alta calidad alimenta a la Traveler para producir un pesaje preciso y confiable en una peque\u00f1a balanza port\u00e1til y pr\u00e1ctica.<\/li>\n<\/ul>\n","protected":false},"featured_media":965,"comment_status":"open","ping_status":"closed","template":"","meta":[],"product_cat":[27],"product_tag":[],"_links":{"self":[{"href":"https:\/\/presitec.pe\/index.php\/wp-json\/wp\/v2\/product\/964"}],"collection":[{"href":"https:\/\/presitec.pe\/index.php\/wp-json\/wp\/v2\/product"}],"about":[{"href":"https:\/\/presitec.pe\/index.php\/wp-json\/wp\/v2\/types\/product"}],"replies":[{"embeddable":true,"href":"https:\/\/presitec.pe\/index.php\/wp-json\/wp\/v2\/comments?post=964"}],"wp:featuredmedia":[{"embeddable":true,"href":"https:\/\/presitec.pe\/index.php\/wp-json\/wp\/v2\/media\/965"}],"wp:attachment":[{"href":"https:\/\/presitec.pe\/index.php\/wp-json\/wp\/v2\/media?parent=964"}],"wp:term":[{"taxonomy":"product_cat","embeddable":true,"href":"https:\/\/presitec.pe\/index.php\/wp-json\/wp\/v2\/product_cat?post=964"},{"taxonomy":"product_tag","embeddable":true,"href":"https:\/\/presitec.pe\/index.php\/wp-json\/wp\/v2\/product_tag?post=964"}],"curies":[{"name":"wp","href":"https:\/\/api.w.org\/{rel}","templated":true}]}}