{"id":990,"date":"2024-04-12T22:39:51","date_gmt":"2024-04-12T20:39:51","guid":{"rendered":"https:\/\/presitec.pe\/?post_type=product&#038;p=990"},"modified":"2025-02-17T16:22:23","modified_gmt":"2025-02-17T15:22:23","slug":"balanza-industrial-webo-wt","status":"publish","type":"product","link":"https:\/\/presitec.pe\/index.php\/producto\/balanza-industrial-webo-wt\/","title":{"rendered":"BALANZA INDUSTRIAL MARCA: WEBO WT"},"content":{"rendered":"<p align=\"justify\">Nuestra balanza de piso industrial es la elecci\u00f3n perfecta para cualquier empresa que necesita medir el peso de grandes cargas con precisi\u00f3n y facilidad. Nuestra balanza de piso industrial viene con una variedad de caracter\u00edsticas \u00fatiles que le hacen f\u00e1cil de usar y mantener. Desde la funci\u00f3n de tara para eliminar el peso de los contenedores o palets, hasta la posibilidad de conectar la balanza a un sistema inform\u00e1tico para una integraci\u00f3n perfecta con su proceso de producci\u00f3n, nuestras balanzas est\u00e1n dise\u00f1adas para satisfacer las necesidades de cualquier negocio e industrias como Miner\u00eda, Agricultura y Comercio.<\/p>\n","protected":false},"excerpt":{"rendered":"<p>CARACTERISTICAS:<\/p>\n<ul>\n<li>Indicador electr\u00f3nico: Plastico ABS resitente y durable.<\/li>\n<li>Pantalla tipo LCD (24mm.) con luz de fondo.<\/li>\n<li>Teclado tipo membrana para: Print, Func, Unit, Sample, Tare, Zero, On\/Off<\/li>\n<li>Modos Conteo, Tara, Animal, Acumaludora<\/li>\n<li>Unidades: Kg, lb, funci\u00f3n a 220 VAC\/60 Hz.<\/li>\n<li>Bater\u00eda interna recargable de larga duraci\u00f3n: 60 horas.<\/li>\n<li>Salida serial RS-232 para comunicaci\u00f3n con Impresora o PC<\/li>\n<li>Balanza electr\u00f3nica de plataforma: 60kg. x 50g. \/ 150kg. x 20g. \/ 300kg. x 50g.\/ 500kg. x 100g.<\/li>\n<li>Plataforma hecha de acero de buen espesor<\/li>\n<li>Medidas: 50x40cm. \/ 60x47cm. \/ 80x60cm.<\/li>\n<li>01 celda de carga tipo barra fabricado en Aluminio,<\/li>\n<li>Modelo: NA3\/UDA<\/li>\n<li>Estructura fabricada con tubos de Acero estructural.<\/li>\n<li>Acabado anticorrosivo<\/li>\n<li>Lleva 4 patas regulados con cobertor de jebe de alta resistencia.<\/li>\n<\/ul>\n","protected":false},"featured_media":991,"comment_status":"open","ping_status":"closed","template":"","meta":[],"product_cat":[26],"product_tag":[],"_links":{"self":[{"href":"https:\/\/presitec.pe\/index.php\/wp-json\/wp\/v2\/product\/990"}],"collection":[{"href":"https:\/\/presitec.pe\/index.php\/wp-json\/wp\/v2\/product"}],"about":[{"href":"https:\/\/presitec.pe\/index.php\/wp-json\/wp\/v2\/types\/product"}],"replies":[{"embeddable":true,"href":"https:\/\/presitec.pe\/index.php\/wp-json\/wp\/v2\/comments?post=990"}],"wp:featuredmedia":[{"embeddable":true,"href":"https:\/\/presitec.pe\/index.php\/wp-json\/wp\/v2\/media\/991"}],"wp:attachment":[{"href":"https:\/\/presitec.pe\/index.php\/wp-json\/wp\/v2\/media?parent=990"}],"wp:term":[{"taxonomy":"product_cat","embeddable":true,"href":"https:\/\/presitec.pe\/index.php\/wp-json\/wp\/v2\/product_cat?post=990"},{"taxonomy":"product_tag","embeddable":true,"href":"https:\/\/presitec.pe\/index.php\/wp-json\/wp\/v2\/product_tag?post=990"}],"curies":[{"name":"wp","href":"https:\/\/api.w.org\/{rel}","templated":true}]}}